{"id":77,"date":"2018-09-07T09:11:04","date_gmt":"2018-09-07T09:11:04","guid":{"rendered":"http:\/\/64.227.116.106\/?page_id=77"},"modified":"2023-12-15T15:17:13","modified_gmt":"2023-12-15T14:17:13","slug":"ugyfelszolgalat","status":"publish","type":"page","link":"https:\/\/orlen.hu\/en\/ugyfelszolgalat\/","title":{"rendered":"Customer Service"},"content":{"rendered":"<p><span style=\"color: #000000;\">Ha kapcsolatba szeretne l\u00e9pni vel\u00fcnk, az al\u00e1bbi el\u00e9rhet\u0151s\u00e9geinken v\u00e1rjuk k\u00e9rd\u00e9seit, \u00e9szrev\u00e9teleit.<\/span><\/p>\n<p><span style=\"color: #000000;\"><b class=\"strongGrayFont\">Phone:\u00a0<\/b><span class=\"grayFont\">+36 1 465 7600<\/span><\/span><\/p>\n<p><span style=\"color: #000000;\"><b class=\"strongGrayFont\">Fax :\u00a0<\/b><span class=\"grayFont\">+3<\/span>6 1 799 1008<\/span><\/p>\n<p><span style=\"color: #000000;\"><b class=\"strongGrayFont\">Email :\u00a0<\/b><a href=\"mailto:info@orlen.hu\"><span class=\"grayFont\">info@orlen.hu<\/span><\/a><\/span><\/p>\n<p>&nbsp;<\/p>","protected":false},"excerpt":{"rendered":"<p>Ha kapcsolatba szeretne l\u00e9pni vel\u00fcnk, az al\u00e1bbi el\u00e9rhet\u0151s\u00e9geinken v\u00e1rjuk k\u00e9rd\u00e9seit, \u00e9szrev\u00e9teleit. Tel. :\u00a0+36 1 465 7600 Fax :\u00a0+36 1 799 1008 Email :\u00a0info@orlen.hu &nbsp;<\/p>","protected":false},"author":1,"featured_media":0,"parent":0,"menu_order":0,"comment_status":"closed","ping_status":"closed","template":"","meta":{"footnotes":""},"class_list":["post-77","page","type-page","status-publish","hentry"],"_links":{"self":[{"href":"https:\/\/orlen.hu\/en\/wp-json\/wp\/v2\/pages\/77","targetHints":{"allow":["GET"]}}],"collection":[{"href":"https:\/\/orlen.hu\/en\/wp-json\/wp\/v2\/pages"}],"about":[{"href":"https:\/\/orlen.hu\/en\/wp-json\/wp\/v2\/types\/page"}],"author":[{"embeddable":true,"href":"https:\/\/orlen.hu\/en\/wp-json\/wp\/v2\/users\/1"}],"replies":[{"embeddable":true,"href":"https:\/\/orlen.hu\/en\/wp-json\/wp\/v2\/comments?post=77"}],"version-history":[{"count":4,"href":"https:\/\/orlen.hu\/en\/wp-json\/wp\/v2\/pages\/77\/revisions"}],"predecessor-version":[{"id":1937,"href":"https:\/\/orlen.hu\/en\/wp-json\/wp\/v2\/pages\/77\/revisions\/1937"}],"wp:attachment":[{"href":"https:\/\/orlen.hu\/en\/wp-json\/wp\/v2\/media?parent=77"}],"curies":[{"name":"wp","href":"https:\/\/api.w.org\/{rel}","templated":true}]}}