{"id":75,"date":"2018-09-07T09:10:52","date_gmt":"2018-09-07T09:10:52","guid":{"rendered":"http:\/\/64.227.116.106\/?page_id=75"},"modified":"2025-10-14T14:26:28","modified_gmt":"2025-10-14T13:26:28","slug":"jogi_nyilatkozatok","status":"publish","type":"page","link":"https:\/\/orlen.hu\/en\/jogi_nyilatkozatok\/","title":{"rendered":"Legal statements"},"content":{"rendered":"<div class=\"wpb-content-wrapper\"><div      class=\"vc_row wpb_row section vc_row-fluid\" style=' text-align:left;'><div class=\"full_section_inner clearfix\"><div class=\"wpb_column vc_column_container vc_col-sm-12\"><div class=\"vc_column-inner\"><div class=\"wpb_wrapper\">\n\t<div class=\"wpb_text_column wpb_content_element\">\n\t\t<div class=\"wpb_wrapper\">\n\t\t\t<p><a href=\"https:\/\/orlen.hu\/wp-content\/uploads\/ASZF-valtozas_kivonat_2025.09.14_.pdf\" target=\"_blank\" rel=\"noopener\">ORLEN APP 2025.10.29-t\u0151l \u00e9letbe l\u00e9p\u0151 \u00c1SZF v\u00e1ltoz\u00e1sainak kivonata\u00a0<\/a><\/p>\n<p><a href=\"https:\/\/orlen.hu\/wp-content\/uploads\/ORL_HU_applikacio_ASZF_2025_10_14.pdf\">\u00c1ltal\u00e1nos Szerz\u0151d\u00e9si Felt\u00e9telek 2025.10.29-t\u0151l:\u00a0ORLEN APP \u00c1SZF 2025.10.29<\/a><\/p>\n<p><a href=\"https:\/\/orlen.hu\/wp-content\/uploads\/ORLEN_applikacio_ASZF_2024.08.26-.pdf\" target=\"_blank\" rel=\"noopener\">ORLEN applik\u00e1ci\u00f3 \u00c1ltal\u00e1nos Szerz\u0151d\u00e9si Felt\u00e9telek 2024. 08. 26-t\u00f3l<\/a><\/p>\n<p><a href=\"https:\/\/orlen.hu\/wp-content\/uploads\/ORLEN-applikacio_Adatvedelmi-Tajekoztato-2.pdf\" target=\"_blank\" rel=\"noopener\">ORLEN applik\u00e1ci\u00f3 Adatkezel\u00e9si T\u00e1j\u00e9koztat\u00f3<\/a><\/p>\n<p><a href=\"https:\/\/orlen.hu\/wp-content\/uploads\/ORLEN-applikacio_Adatvedelmi-Szabalyzat-1.pdf\" target=\"_blank\" rel=\"noopener\">ORLEN applik\u00e1ci\u00f3 Adatkezel\u00e9si Szab\u00e1lyzat<\/a><\/p>\n<p><a href=\"https:\/\/orlen.hu\/wp-content\/uploads\/ORLEN-privacy-policy.pdf\" target=\"_blank\" rel=\"noopener\">ORLEN Adatv\u00e9delmi ir\u00e1nyelvek<\/a><\/p>\n<p><a href=\"https:\/\/simplepay.hu\/vasarlo-aff\/\">SimplePay \u00c1ltal\u00e1nos Felhaszn\u00e1l\u00e1si Felt\u00e9telek<\/a><\/p>\n<p><a href=\"https:\/\/orlen.hu\/wp-content\/uploads\/Adattovabbitasi-nyilatkozat.pdf\">Adattov\u00e1bb\u00edt\u00e1si nyilatkozat<\/a><\/p>\n<p><a href=\"https:\/\/orlen.hu\/wp-content\/uploads\/ORLEN_applikacio_ASZF-1.pdf\" target=\"_blank\" rel=\"noopener\">ORLEN applik\u00e1ci\u00f3 \u00c1ltal\u00e1nos Szerz\u0151d\u00e9si Felt\u00e9telek 2023. 03. 18-t\u00f3l<\/a><\/p>\n<p><a href=\"https:\/\/orlen.hu\/wp-content\/uploads\/ORLEN_applikacio_ASZF.pdf\" target=\"_blank\" rel=\"noopener\">ORLEN applik\u00e1ci\u00f3 \u00c1ltal\u00e1nos Szerz\u0151d\u00e9si Felt\u00e9telek 2023. 03. 17-ig<\/a><\/p>\n<p><a href=\"https:\/\/orlen.hu\/wp-content\/uploads\/ORLEN_applikacio_Adatvedelmi-es-kezelesi-tajekoztato.pdf\" target=\"_blank\" rel=\"noopener\">ORLEN applik\u00e1ci\u00f3 Adatkezel\u00e9si T\u00e1j\u00e9koztat\u00f3 2023. 03. 17-ig<\/a><\/p>\n<p>&nbsp;<\/p>\n\n\t\t<\/div> \n\t<\/div> <\/div><\/div><\/div><\/div><\/div><\/div>","protected":false},"excerpt":{"rendered":"ORLEN APP 2025.10.29-t\u0151l \u00e9letbe l\u00e9p\u0151 \u00c1SZF v\u00e1ltoz\u00e1sainak kivonata\u00a0 \u00c1ltal\u00e1nos Szerz\u0151d\u00e9si Felt\u00e9telek 2025.10.29-t\u0151l:\u00a0ORLEN APP \u00c1SZF 2025.10.29 ORLEN applik\u00e1ci\u00f3 \u00c1ltal\u00e1nos Szerz\u0151d\u00e9si Felt\u00e9telek 2024. 08. 26-t\u00f3l ORLEN applik\u00e1ci\u00f3 Adatkezel\u00e9si T\u00e1j\u00e9koztat\u00f3 ORLEN applik\u00e1ci\u00f3 Adatkezel\u00e9si Szab\u00e1lyzat ORLEN Adatv\u00e9delmi ir\u00e1nyelvek SimplePay \u00c1ltal\u00e1nos Felhaszn\u00e1l\u00e1si Felt\u00e9telek Adattov\u00e1bb\u00edt\u00e1si nyilatkozat ORLEN applik\u00e1ci\u00f3 \u00c1ltal\u00e1nos Szerz\u0151d\u00e9si Felt\u00e9telek...","protected":false},"author":1,"featured_media":0,"parent":0,"menu_order":0,"comment_status":"closed","ping_status":"closed","template":"","meta":{"footnotes":""},"class_list":["post-75","page","type-page","status-publish","hentry"],"_links":{"self":[{"href":"https:\/\/orlen.hu\/en\/wp-json\/wp\/v2\/pages\/75","targetHints":{"allow":["GET"]}}],"collection":[{"href":"https:\/\/orlen.hu\/en\/wp-json\/wp\/v2\/pages"}],"about":[{"href":"https:\/\/orlen.hu\/en\/wp-json\/wp\/v2\/types\/page"}],"author":[{"embeddable":true,"href":"https:\/\/orlen.hu\/en\/wp-json\/wp\/v2\/users\/1"}],"replies":[{"embeddable":true,"href":"https:\/\/orlen.hu\/en\/wp-json\/wp\/v2\/comments?post=75"}],"version-history":[{"count":21,"href":"https:\/\/orlen.hu\/en\/wp-json\/wp\/v2\/pages\/75\/revisions"}],"predecessor-version":[{"id":2864,"href":"https:\/\/orlen.hu\/en\/wp-json\/wp\/v2\/pages\/75\/revisions\/2864"}],"wp:attachment":[{"href":"https:\/\/orlen.hu\/en\/wp-json\/wp\/v2\/media?parent=75"}],"curies":[{"name":"wp","href":"https:\/\/api.w.org\/{rel}","templated":true}]}}