{"id":395,"date":"2018-10-09T08:29:49","date_gmt":"2018-10-09T08:29:49","guid":{"rendered":"http:\/\/64.227.116.106\/?page_id=395"},"modified":"2023-12-15T15:12:53","modified_gmt":"2023-12-15T14:12:53","slug":"ebk_kovetelmenyek","status":"publish","type":"page","link":"https:\/\/orlen.hu\/en\/ebk_kovetelmenyek\/","title":{"rendered":"Health, safety and environmental requirements"},"content":{"rendered":"<p><a href=\"https:\/\/orlen.hu\/wp-content\/uploads\/ORLEN-HUNGARY_EBK-k\u00f6vetelm\u00e9nyek-t\u00f6lt\u0151\u00e1llom\u00e1sokra-HU.pdf\">\u00a0 \u00a0 \u00a0 \u00a0 \u00a0 \u00a0 \u00a0 \u00a0 \u00a0 \u00a0 \u00a0 \u00a0 \u00a0 \u00a0 \u00a0 \u00a0 \u00a0 \u00a0\u00a0 Besz\u00e1ll\u00edt\u00f3i EBK k\u00f6vetelm\u00e9nyek az ORLEN HUNGARY Kft. t\u00f6lt\u0151\u00e1llom\u00e1sain t\u00f6rt\u00e9n\u0151 munkav\u00e9gz\u00e9s sor\u00e1n<\/a><\/p>\n<p>&nbsp;<\/p>\n<p>&nbsp;<\/p>\n<p>&nbsp;<\/p>\n<p>&nbsp;<\/p>\n<p>&nbsp;<\/p>\n<p>&nbsp;<\/p>\n<p>&nbsp;<\/p>\n<p>&nbsp;<\/p>\n<p>&nbsp;<\/p>\n<p>&nbsp;<\/p>","protected":false},"excerpt":{"rendered":"<p>\u00a0 \u00a0 \u00a0 \u00a0 \u00a0 \u00a0 \u00a0 \u00a0 \u00a0 \u00a0 \u00a0 \u00a0 \u00a0 \u00a0 \u00a0 \u00a0 \u00a0 \u00a0\u00a0 Besz\u00e1ll\u00edt\u00f3i EBK k\u00f6vetelm\u00e9nyek az ORLEN HUNGARY Kft. t\u00f6lt\u0151\u00e1llom\u00e1sain t\u00f6rt\u00e9n\u0151 munkav\u00e9gz\u00e9s sor\u00e1n &nbsp; &nbsp; &nbsp; &nbsp; &nbsp; &nbsp; &nbsp; &nbsp; &nbsp; &nbsp;<\/p>","protected":false},"author":1,"featured_media":0,"parent":0,"menu_order":0,"comment_status":"closed","ping_status":"closed","template":"full_width.php","meta":{"footnotes":""},"class_list":["post-395","page","type-page","status-publish","hentry"],"_links":{"self":[{"href":"https:\/\/orlen.hu\/en\/wp-json\/wp\/v2\/pages\/395","targetHints":{"allow":["GET"]}}],"collection":[{"href":"https:\/\/orlen.hu\/en\/wp-json\/wp\/v2\/pages"}],"about":[{"href":"https:\/\/orlen.hu\/en\/wp-json\/wp\/v2\/types\/page"}],"author":[{"embeddable":true,"href":"https:\/\/orlen.hu\/en\/wp-json\/wp\/v2\/users\/1"}],"replies":[{"embeddable":true,"href":"https:\/\/orlen.hu\/en\/wp-json\/wp\/v2\/comments?post=395"}],"version-history":[{"count":21,"href":"https:\/\/orlen.hu\/en\/wp-json\/wp\/v2\/pages\/395\/revisions"}],"predecessor-version":[{"id":1936,"href":"https:\/\/orlen.hu\/en\/wp-json\/wp\/v2\/pages\/395\/revisions\/1936"}],"wp:attachment":[{"href":"https:\/\/orlen.hu\/en\/wp-json\/wp\/v2\/media?parent=395"}],"curies":[{"name":"wp","href":"https:\/\/api.w.org\/{rel}","templated":true}]}}