{"id":36,"date":"2018-09-06T09:45:45","date_gmt":"2018-09-06T09:45:45","guid":{"rendered":"http:\/\/64.227.116.106\/?page_id=36"},"modified":"2025-03-18T10:22:27","modified_gmt":"2025-03-18T09:22:27","slug":"kapcsolat","status":"publish","type":"page","link":"https:\/\/orlen.hu\/en\/kapcsolat\/","title":{"rendered":"Contact"},"content":{"rendered":"<div class=\"wpb-content-wrapper\"><div      class=\"vc_row wpb_row section vc_row-fluid\" style=' text-align:center;'><div class=\"full_section_inner clearfix\"><div class=\"wpb_column vc_column_container vc_col-sm-12\"><div class=\"vc_column-inner\"><div class=\"wpb_wrapper\">\t<div class=\"vc_empty_space\"  style=\"height: 100px\" ><span\n\t\t\tclass=\"vc_empty_space_inner\">\n\t\t\t<span class=\"empty_space_image\"  ><\/span>\n\t\t<\/span><\/div>\n\n\n\t<div class=\"wpb_text_column wpb_content_element\">\n\t\t<div class=\"wpb_wrapper\">\n\t\t\t<h2>ABOUT US<\/h2>\n\n\t\t<\/div> \n\t<\/div> <div class=\"separator  small center\" style=\"background-color: #de0029;\"><\/div>\n\n\t<div class=\"wpb_text_column wpb_content_element\">\n\t\t<div class=\"wpb_wrapper\">\n\t\t\t<p>ORLEN HUNGARY Kft. is part of the international group ORLEN, which is the largest multi-energy company in the region of Central Eastern Europe, engaged in the extraction and processing of crude-oil and natural gas and in the production, distribution and sale of fuels, petrochemicals, natural gas and energy from renewable sources.<\/p>\n<p>&nbsp;<\/p>\n<p>Az \u00fczemanyagpiacon az ORLEN er\u0151s, nemzetk\u00f6zi m\u00e1rka, amely hat orsz\u00e1gban (Lengyelorsz\u00e1g, N\u00e9metorsz\u00e1g, Csehorsz\u00e1g, Litv\u00e1nia, Szlov\u00e1kia \u00e9s Magyarorsz\u00e1g) k\u00f6zel h\u00e1romezer t\u00f6lt\u0151\u00e1llom\u00e1ssal rendelkezik, amik er\u0151s h\u00e1tt\u00e9rb\u0151l mer\u00edtenek, a tapasztalatcser\u00e9vel \u00e9s az innov\u00e1ci\u00f3k megoszt\u00e1s\u00e1val inspir\u00e1lj\u00e1k egym\u00e1st. Magyarorsz\u00e1gon az ORLEN csoport jelenleg k\u00f6zel 140 t\u00f6lt\u0151\u00e1llom\u00e1st \u00fczemeltet, mellyel a negyedik legnagyobb szerepl\u0151 a magyar piacon.<\/p>\n<p>&nbsp;<\/p>\n<p>ORLEN service stations offer superb quality fuels that not only clean the engine system but can also improve its performance. EFECTA 95 and EFECTA Diesel contain additives that can reduce the amount of deposits in the engine, protect the engine and fuel system from corrosion, and have a positive effect on fuel consumption. In addition to these effects, VERVA 100 and VERVA Diesel premium fuels can increase engine performance.<\/p>\n<p>&nbsp;<\/p>\n<p>Customers can enjoy these fuels not only when traveling in Hungary, but also when traveling within the ORLEN multinational network in Slovakia, the Czech Republic, Poland, Germany and Lithuania.<\/p>\n<p>&nbsp;<\/p>\n<p>ORLEN filling stations in Hungary are operationally managed by the ORLEN Unipetrol group from Czechia, a subsidiary of the ORLEN group.<\/p>\n\n\t\t<\/div> \n\t<\/div> \t<div class=\"vc_empty_space\"  style=\"height: 32px\" ><span\n\t\t\tclass=\"vc_empty_space_inner\">\n\t\t\t<span class=\"empty_space_image\"  ><\/span>\n\t\t<\/span><\/div>\n\n<div class=\"separator  small center\" style=\"background-color: #de0029;\"><\/div>\n<\/div><\/div><\/div><\/div><\/div><div      class=\"vc_row wpb_row section vc_row-fluid\" style=' text-align:left;'><div class=\"full_section_inner clearfix\"><div class=\"wpb_column vc_column_container vc_col-sm-12\"><div class=\"vc_column-inner\"><div class=\"wpb_wrapper\">\t<div class=\"vc_empty_space\"  style=\"height: 120px\" ><span\n\t\t\tclass=\"vc_empty_space_inner\">\n\t\t\t<span class=\"empty_space_image\"  ><\/span>\n\t\t<\/span><\/div>\n\n<\/div><\/div><\/div><\/div><\/div><div      class=\"vc_row wpb_row section vc_row-fluid\" style=' text-align:left;'><div class=\"full_section_inner clearfix\"><div class=\"wpb_column vc_column_container vc_col-sm-4\"><div class=\"vc_column-inner\"><div class=\"wpb_wrapper\">\n\t<div class=\"wpb_text_column wpb_content_element\">\n\t\t<div class=\"wpb_wrapper\">\n\t\t\t<h2>Contact<\/h2>\n\n\t\t<\/div> \n\t<\/div> <div class=\"separator  small left\" style=\"background-color: #de0029;\"><\/div>\n\t<div class=\"vc_empty_space\"  style=\"height: 32px\" ><span\n\t\t\tclass=\"vc_empty_space_inner\">\n\t\t\t<span class=\"empty_space_image\"  ><\/span>\n\t\t<\/span><\/div>\n\n\n\t<div class=\"wpb_text_column wpb_content_element\">\n\t\t<div class=\"wpb_wrapper\">\n\t\t\t<p><strong>ORLEN HUNGARY Kft.<\/strong><\/p>\n<p>Boldizs\u00e1r utca 2.<\/p>\n<p>H-1112 Budapest<\/p>\n<p>Hungary<\/p>\n\n\t\t<\/div> \n\t<\/div> \t<div class=\"vc_empty_space\"  style=\"height: 32px\" ><span\n\t\t\tclass=\"vc_empty_space_inner\">\n\t\t\t<span class=\"empty_space_image\"  ><\/span>\n\t\t<\/span><\/div>\n\n<div class='q_icon_with_title small normal_icon'><div class=\"icon_holder\" style=\" \"><span data-icon-type=\"normal\"   style=\"\" class=\"qode_iwt_icon_holder q_font_awsome_icon fa-2x\"><i class=\"qode_icon_font_awesome fa fa-mobile qode_iwt_icon_element\" style=\"\" ><\/i><\/span><\/div><div class=\"icon_text_holder\" style=\"\"><div class=\"icon_text_inner\" style=\"\"><h5 class=\"icon_title\" style=\"\"><\/h5><p style=''>+36 1 465 7600<\/p><\/div><\/div><\/div><div class='q_icon_with_title small normal_icon'><div class=\"icon_holder\" style=\" \"><span data-icon-type=\"normal\"   style=\"\" class=\"qode_iwt_icon_holder q_font_awsome_icon fa-2x\"><i class=\"qode_icon_font_awesome fa fa-fax qode_iwt_icon_element\" style=\"\" ><\/i><\/span><\/div><div class=\"icon_text_holder\" style=\"\"><div class=\"icon_text_inner\" style=\"\"><h5 class=\"icon_title\" style=\"\"><\/h5><p style=''>+36-1 799 1008<\/p><\/div><\/div><\/div><div class='q_icon_with_title tiny normal_icon'><div class=\"icon_holder\" style=\" \"><span data-icon-type=\"normal\"   style=\"\" class=\"qode_iwt_icon_holder q_font_awsome_icon fa-lg\"><i class=\"qode_icon_font_awesome fa fa-envelope qode_iwt_icon_element\" style=\"\" ><\/i><\/span><\/div><div class=\"icon_text_holder\" style=\"\"><div class=\"icon_text_inner\" style=\"\"><h5 class=\"icon_title\" style=\"\"><\/h5><p style=''>info@orlen.hu<\/p><\/div><\/div><\/div><div class='q_icon_with_title small normal_icon'><div class=\"icon_holder\" style=\" \"><span data-icon-type=\"normal\"   style=\"\" class=\"qode_iwt_icon_holder q_font_awsome_icon fa-2x\"><i class=\"qode_icon_font_awesome fa fa-globe qode_iwt_icon_element\" style=\"\" ><\/i><\/span><\/div><div class=\"icon_text_holder\" style=\"\"><div class=\"icon_text_inner\" style=\"\"><h5 class=\"icon_title\" style=\"\"><\/h5><p style=''>www.orlen.hu<\/p><\/div><\/div><\/div>\t<div class=\"vc_empty_space\"  style=\"height: 75px\" ><span\n\t\t\tclass=\"vc_empty_space_inner\">\n\t\t\t<span class=\"empty_space_image\"  ><\/span>\n\t\t<\/span><\/div>\n\n<\/div><\/div><\/div><div class=\"wpb_column vc_column_container vc_col-sm-4\"><div class=\"vc_column-inner\"><div class=\"wpb_wrapper\">\n\t<div class=\"wpb_text_column wpb_content_element\">\n\t\t<div class=\"wpb_wrapper\">\n\t\t\t<h2>Service stations<\/h2>\n\n\t\t<\/div> \n\t<\/div> <div class=\"separator  small left\" style=\"background-color: #de0029;\"><\/div>\n\t<div class=\"vc_empty_space\"  style=\"height: 32px\" ><span\n\t\t\tclass=\"vc_empty_space_inner\">\n\t\t\t<span class=\"empty_space_image\"  ><\/span>\n\t\t<\/span><\/div>\n\n<a  itemprop=\"url\" href=\"https:\/\/orlen.hu\/en\/toltoallomasaink\/\" target=\"_self\" data-hover-border-color=\"rgba(255,255,255,0.01)\"  class=\"qbutton  medium center enlarge\" style=\"color: #ffffff; border-color: rgba(255,255,255,0.01); background-color: #de0029;\">Service stations<\/a>\t<div class=\"vc_empty_space\"  style=\"height: 75px\" ><span\n\t\t\tclass=\"vc_empty_space_inner\">\n\t\t\t<span class=\"empty_space_image\"  ><\/span>\n\t\t<\/span><\/div>\n\n<\/div><\/div><\/div><div class=\"wpb_column vc_column_container vc_col-sm-4\"><div class=\"vc_column-inner\"><div class=\"wpb_wrapper\">\n\t<div class=\"wpb_text_column wpb_content_element\">\n\t\t<div class=\"wpb_wrapper\">\n\t\t\t<h2>Procurement<\/h2>\n\n\t\t<\/div> \n\t<\/div> <div class=\"separator  small left\" style=\"background-color: #de0029;\"><\/div>\n\t<div class=\"vc_empty_space\"  style=\"height: 32px\" ><span\n\t\t\tclass=\"vc_empty_space_inner\">\n\t\t\t<span class=\"empty_space_image\"  ><\/span>\n\t\t<\/span><\/div>\n\n<div class='q_icon_with_title tiny normal_icon'><div class=\"icon_holder\" style=\" \"><span data-icon-type=\"normal\"   style=\"\" class=\"qode_iwt_icon_holder q_font_awsome_icon fa-lg\"><i class=\"qode_icon_font_awesome fa fa-envelope qode_iwt_icon_element\" style=\"\" ><\/i><\/span><\/div><div class=\"icon_text_holder\" style=\"\"><div class=\"icon_text_inner\" style=\"\"><h5 class=\"icon_title\" style=\"\"><\/h5><p style=''>tenders@orlen.hu<\/p><\/div><\/div><\/div>\t<div class=\"vc_empty_space\"  style=\"height: 75px\" ><span\n\t\t\tclass=\"vc_empty_space_inner\">\n\t\t\t<span class=\"empty_space_image\"  ><\/span>\n\t\t<\/span><\/div>\n\n<\/div><\/div><\/div><\/div><\/div>\n<\/div>","protected":false},"excerpt":{"rendered":"Az ORLEN HUNGARY Kft.-r\u0151l Az ORLEN HUNGARY Kft. a nemzetk\u00f6zi ORLEN csoport tagja, a k\u00f6z\u00e9p-kelet-eur\u00f3pai r\u00e9gi\u00f3 legnagyobb energetikai v\u00e1llalata, amely k\u0151olaj \u00e9s f\u00f6ldg\u00e1z kitermel\u00e9s\u00e9vel \u00e9s feldolgoz\u00e1s\u00e1val, valamint \u00fczemanyagok, petrolk\u00e9miai term\u00e9kek, f\u00f6ldg\u00e1z \u00e9s meg\u00fajul\u00f3 energiaforr\u00e1sokb\u00f3l sz\u00e1rmaz\u00f3 energia termel\u00e9s\u00e9vel, disztrib\u00faci\u00f3j\u00e1val \u00e9s \u00e9rt\u00e9kes\u00edt\u00e9s\u00e9vel foglalkozik. &nbsp; Az \u00fczemanyagpiacon az...","protected":false},"author":1,"featured_media":0,"parent":0,"menu_order":0,"comment_status":"closed","ping_status":"closed","template":"","meta":{"footnotes":""},"class_list":["post-36","page","type-page","status-publish","hentry"],"_links":{"self":[{"href":"https:\/\/orlen.hu\/en\/wp-json\/wp\/v2\/pages\/36","targetHints":{"allow":["GET"]}}],"collection":[{"href":"https:\/\/orlen.hu\/en\/wp-json\/wp\/v2\/pages"}],"about":[{"href":"https:\/\/orlen.hu\/en\/wp-json\/wp\/v2\/types\/page"}],"author":[{"embeddable":true,"href":"https:\/\/orlen.hu\/en\/wp-json\/wp\/v2\/users\/1"}],"replies":[{"embeddable":true,"href":"https:\/\/orlen.hu\/en\/wp-json\/wp\/v2\/comments?post=36"}],"version-history":[{"count":49,"href":"https:\/\/orlen.hu\/en\/wp-json\/wp\/v2\/pages\/36\/revisions"}],"predecessor-version":[{"id":2221,"href":"https:\/\/orlen.hu\/en\/wp-json\/wp\/v2\/pages\/36\/revisions\/2221"}],"wp:attachment":[{"href":"https:\/\/orlen.hu\/en\/wp-json\/wp\/v2\/media?parent=36"}],"curies":[{"name":"wp","href":"https:\/\/api.w.org\/{rel}","templated":true}]}}