{"id":2638,"date":"2025-06-20T09:44:14","date_gmt":"2025-06-20T08:44:14","guid":{"rendered":"https:\/\/orlen.hu\/?page_id=2638"},"modified":"2026-04-09T11:00:50","modified_gmt":"2026-04-09T10:00:50","slug":"karrier","status":"publish","type":"page","link":"https:\/\/orlen.hu\/en\/karrier\/","title":{"rendered":"Careers"},"content":{"rendered":"<div class=\"wpb-content-wrapper\"><div      class=\"vc_row wpb_row section vc_row-fluid\" style=' text-align:center;'><div class=\"full_section_inner clearfix\"><div class=\"wpb_column vc_column_container vc_col-sm-12\"><div class=\"vc_column-inner\"><div class=\"wpb_wrapper\">\n\t<div class=\"wpb_single_image wpb_content_element vc_align_center\">\n\t\t<div class=\"wpb_wrapper\">\n\t\t\t\n\t\t\t<div class=\"vc_single_image-wrapper   vc_box_border_grey\"><img loading=\"lazy\" decoding=\"async\" width=\"1920\" height=\"800\" src=\"https:\/\/orlen.hu\/wp-content\/uploads\/uzemelteto-oki-1920x800-1-1.png\" class=\"vc_single_image-img attachment-full\" alt=\"\" title=\"uzemelteto-oki-1920x800-1-1\" srcset=\"https:\/\/orlen.hu\/wp-content\/uploads\/uzemelteto-oki-1920x800-1-1.png 1920w, https:\/\/orlen.hu\/wp-content\/uploads\/uzemelteto-oki-1920x800-1-1-300x125.png 300w, https:\/\/orlen.hu\/wp-content\/uploads\/uzemelteto-oki-1920x800-1-1-1024x427.png 1024w, https:\/\/orlen.hu\/wp-content\/uploads\/uzemelteto-oki-1920x800-1-1-768x320.png 768w, https:\/\/orlen.hu\/wp-content\/uploads\/uzemelteto-oki-1920x800-1-1-1536x640.png 1536w, https:\/\/orlen.hu\/wp-content\/uploads\/uzemelteto-oki-1920x800-1-1-18x8.png 18w, https:\/\/orlen.hu\/wp-content\/uploads\/uzemelteto-oki-1920x800-1-1-700x292.png 700w\" sizes=\"auto, (max-width: 1920px) 100vw, 1920px\" \/><\/div>\n\t\t<\/div>\n\t<\/div>\n\t<div class=\"vc_empty_space\"  style=\"height: 60px\" ><span\n\t\t\tclass=\"vc_empty_space_inner\">\n\t\t\t<span class=\"empty_space_image\"  ><\/span>\n\t\t<\/span><\/div>\n\n<\/div><\/div><\/div><\/div><\/div><div      class=\"vc_row wpb_row section vc_row-fluid\" style=' text-align:left;'><div class=\"full_section_inner clearfix\"><div class=\"wpb_column vc_column_container vc_col-sm-12\"><div class=\"vc_column-inner\"><div class=\"wpb_wrapper\">\n\t<div class=\"wpb_text_column wpb_content_element\">\n\t\t<div class=\"wpb_wrapper\">\n\t\t\t<h3 style=\"text-align: center;\"><a href=\"https:\/\/orlen.hu\/wp-content\/uploads\/ORL-HU-Head-of-Fuel-Card-Department.pdf\">Head of Fuel Card Department<\/a><\/h3>\n<p>&nbsp;<\/p>\n<p style=\"text-align: center;\">Olyan tapasztalt \u00e9s motiv\u00e1lt szakembert keres\u00fcnk, aki vezet\u0151 szerepet v\u00e1llal az \u00dczemanyagk\u00e1rtya Oszt\u00e1ly ir\u00e1ny\u00edt\u00e1s\u00e1ban.<br \/>\nA poz\u00edci\u00f3 c\u00e9lja a k\u00e9szp\u00e9nzmentes fizet\u00e9si rendszerek fejleszt\u00e9se, strat\u00e9giai partnerkapcsolatok ki\u00e9p\u00edt\u00e9se \u00e9s az innov\u00e1ci\u00f3 el\u0151mozd\u00edt\u00e1sa<br \/>\naz ORLEN Csoporton bel\u00fcl.<\/p>\n<p>&nbsp;<\/p>\n<p style=\"text-align: center;\"><a href=\"https:\/\/orlen.hu\/wp-content\/uploads\/ORL-HU-Head-of-Fuel-Card-Department.pdf\"><span style=\"color: #d43131;\"><strong>Tov\u00e1bb olvasok<\/strong><\/span><\/a><\/p>\n\n\t\t<\/div> \n\t<\/div> <\/div><\/div><\/div><\/div><\/div><div      class=\"vc_row wpb_row section vc_row-fluid\" style=' text-align:left;'><div class=\"full_section_inner clearfix\"><div class=\"wpb_column vc_column_container vc_col-sm-12\"><div class=\"vc_column-inner\"><div class=\"wpb_wrapper\"><div class=\"separator  normal\" style=\"\"><\/div>\n\t<div class=\"vc_empty_space\"  style=\"height: 32px\" ><span\n\t\t\tclass=\"vc_empty_space_inner\">\n\t\t\t<span class=\"empty_space_image\"  ><\/span>\n\t\t<\/span><\/div>\n\n<\/div><\/div><\/div><\/div><\/div><div      class=\"vc_row wpb_row section vc_row-fluid\" style=' text-align:left;'><div class=\"full_section_inner clearfix\"><div class=\"wpb_column vc_column_container vc_col-sm-12\"><div class=\"vc_column-inner\"><div class=\"wpb_wrapper\">\n\t<div class=\"wpb_text_column wpb_content_element\">\n\t\t<div class=\"wpb_wrapper\">\n\t\t\t<h3 style=\"text-align: center;\"><a href=\"https:\/\/orlen.hu\/wp-content\/uploads\/ORL-HU-Adokonyvelo.pdf\">Ad\u00f3k\u00f6nyvel\u0151<\/a><\/h3>\n<p>&nbsp;<\/p>\n<p style=\"text-align: center;\">Dolgozz vel\u00fcnk, fejl\u0151dj vel\u00fcnk <strong>ad\u00f3k\u00f6nyvel\u0151\u00a0<\/strong>munkak\u00f6rben. K\u00f6nyvel\u0151i oszt\u00e1lyunk \u00faj koll\u00e9g\u00e1t keres.<br \/>\nAz ad\u00f3k\u00f6nyvel\u0151 f\u0151 feladatai k\u00f6z\u00e9 tartozik a sz\u00e1mviteli adatok kivon\u00e1sa \u00e9s elemz\u00e9se ad\u00f3z\u00e1si c\u00e9lokra, ad\u00f3sz\u00e1m\u00edt\u00e1sok \u00e9s bevall\u00e1sok k\u00e9sz\u00edt\u00e9se,<br \/>\nad\u00f3kiigaz\u00edt\u00e1sok, kifizet\u00e9sek \u00e9s bevall\u00e1sok ellen\u0151rz\u00e9se, k\u00f6nyvel\u00e9se \u00e9s ad\u00f3jelent\u00e9sek k\u00e9sz\u00edt\u00e9se a nemzetk\u00f6zi k\u00f6zpont r\u00e9sz\u00e9re.<\/p>\n<p>&nbsp;<\/p>\n<p style=\"text-align: center;\"><a href=\"https:\/\/orlen.hu\/wp-content\/uploads\/ORL-HU-Adokonyvelo.pdf\"><span style=\"color: #d43131;\"><strong>Tov\u00e1bb olvasok<\/strong><\/span><\/a><\/p>\n\n\t\t<\/div> \n\t<\/div> <\/div><\/div><\/div><\/div><\/div><div      class=\"vc_row wpb_row section vc_row-fluid\" style=' text-align:left;'><div class=\"full_section_inner clearfix\"><div class=\"wpb_column vc_column_container vc_col-sm-12\"><div class=\"vc_column-inner\"><div class=\"wpb_wrapper\"><div class=\"separator  normal\" style=\"\"><\/div>\n\t<div class=\"vc_empty_space\"  style=\"height: 32px\" ><span\n\t\t\tclass=\"vc_empty_space_inner\">\n\t\t\t<span class=\"empty_space_image\"  ><\/span>\n\t\t<\/span><\/div>\n\n<\/div><\/div><\/div><\/div><\/div><div      class=\"vc_row wpb_row section vc_row-fluid\" style=' text-align:left;'><div class=\"full_section_inner clearfix\"><div class=\"wpb_column vc_column_container vc_col-sm-12\"><div class=\"vc_column-inner\"><div class=\"wpb_wrapper\">\n\t<div class=\"wpb_text_column wpb_content_element\">\n\t\t<div class=\"wpb_wrapper\">\n\t\t\t<h3 style=\"text-align: center;\"><a href=\"https:\/\/orlen.hu\/wp-content\/uploads\/ORL-HU-Trade-marketing-manager.pdf\">Trade Marketing Manager<\/a><\/h3>\n<p>&nbsp;<\/p>\n<p style=\"text-align: center;\">Az ORLEN magyarorsz\u00e1gi csapata \u00faj koll\u00e9g\u00e1t keres Trade marketing menedzser poz\u00edci\u00f3ba,<br \/>\naki akt\u00edvan t\u00e1mogatja a t\u00f6lt\u0151\u00e1llom\u00e1s &#8211; h\u00e1l\u00f3zat marketingfolyamatait \u00e9s gondoskodik arr\u00f3l,<br \/>\nhogy m\u00e1rk\u00e1nk minden \u00e9rintkez\u00e9si ponton egys\u00e9gesen \u00e9s l\u00e1tv\u00e1nyosan jelenjen meg.<\/p>\n<p>&nbsp;<\/p>\n<p style=\"text-align: center;\"><a href=\"https:\/\/orlen.hu\/wp-content\/uploads\/ORL-HU-Trade-marketing-manager.pdf\"><span style=\"color: #d43131;\"><strong>Tov\u00e1bb olvasok<\/strong><\/span><\/a><\/p>\n\n\t\t<\/div> \n\t<\/div> <\/div><\/div><\/div><\/div><\/div><div      class=\"vc_row wpb_row section vc_row-fluid\" style=' text-align:left;'><div class=\"full_section_inner clearfix\"><div class=\"wpb_column vc_column_container vc_col-sm-12\"><div class=\"vc_column-inner\"><div class=\"wpb_wrapper\"><div class=\"separator  normal\" style=\"\"><\/div>\n\t<div class=\"vc_empty_space\"  style=\"height: 32px\" ><span\n\t\t\tclass=\"vc_empty_space_inner\">\n\t\t\t<span class=\"empty_space_image\"  ><\/span>\n\t\t<\/span><\/div>\n\n<\/div><\/div><\/div><\/div><\/div><div      class=\"vc_row wpb_row section vc_row-fluid\" style=' text-align:left;'><div class=\"full_section_inner clearfix\"><div class=\"wpb_column vc_column_container vc_col-sm-12\"><div class=\"vc_column-inner\"><div class=\"wpb_wrapper\">\n\t<div class=\"wpb_text_column wpb_content_element\">\n\t\t<div class=\"wpb_wrapper\">\n\t\t\t<h3 style=\"text-align: center;\"><a href=\"https:\/\/orlen.hu\/wp-content\/uploads\/ORL-HU-Facility-manager.pdf\">Facility Manager<\/a><\/h3>\n<p>&nbsp;<\/p>\n<p style=\"text-align: center;\">Az ORLEN magyarorsz\u00e1gi csapata \u00faj koll\u00e9g\u00e1t keres Facility menedzser poz\u00edci\u00f3ba.<\/p>\n<p>&nbsp;<\/p>\n<p style=\"text-align: center;\"><a href=\"https:\/\/orlen.hu\/wp-content\/uploads\/ORL-HU-Facility-manager.pdf\"><span style=\"color: #d43131;\"><strong>Tov\u00e1bb olvasok<\/strong><\/span><\/a><\/p>\n\n\t\t<\/div> \n\t<\/div> <\/div><\/div><\/div><\/div><\/div><div      class=\"vc_row wpb_row section vc_row-fluid\" style=' text-align:left;'><div class=\"full_section_inner clearfix\"><div class=\"wpb_column vc_column_container vc_col-sm-12\"><div class=\"vc_column-inner\"><div class=\"wpb_wrapper\"><div class=\"separator  normal\" style=\"\"><\/div>\n\t<div class=\"vc_empty_space\"  style=\"height: 32px\" ><span\n\t\t\tclass=\"vc_empty_space_inner\">\n\t\t\t<span class=\"empty_space_image\"  ><\/span>\n\t\t<\/span><\/div>\n\n<\/div><\/div><\/div><\/div><\/div><div      class=\"vc_row wpb_row section vc_row-fluid\" style=' text-align:left;'><div class=\"full_section_inner clearfix\"><div class=\"wpb_column vc_column_container vc_col-sm-12\"><div class=\"vc_column-inner\"><div class=\"wpb_wrapper\">\n\t<div class=\"wpb_text_column wpb_content_element\">\n\t\t<div class=\"wpb_wrapper\">\n\t\t\t<h3 style=\"text-align: center;\"><a href=\"https:\/\/orlen.hu\/wp-content\/uploads\/ORL-HU-Beszerzesi-munkatars.pdf\">BESZERZ\u00c9SI MUNKAT\u00c1RS<\/a><\/h3>\n<p>&nbsp;<\/p>\n<p style=\"text-align: center;\">Keress\u00fck \u00faj koll\u00e9g\u00e1nkat, aki tapasztalat\u00e1val \u00e9s precizit\u00e1s\u00e1val hozz\u00e1j\u00e1rul beszerz\u00e9si<br \/>\ntev\u00e9kenys\u00e9geink siker\u00e9hez.<\/p>\n<p>&nbsp;<\/p>\n<p style=\"text-align: center;\"><a href=\"https:\/\/orlen.hu\/wp-content\/uploads\/ORL-HU-Beszerzesi-munkatars.pdf\"><span style=\"color: #d43131;\"><strong>Tov\u00e1bb olvasok<\/strong><\/span><\/a><\/p>\n\n\t\t<\/div> \n\t<\/div> <\/div><\/div><\/div><\/div><\/div><div      class=\"vc_row wpb_row section vc_row-fluid\" style=' text-align:left;'><div class=\"full_section_inner clearfix\"><div class=\"wpb_column vc_column_container vc_col-sm-12\"><div class=\"vc_column-inner\"><div class=\"wpb_wrapper\"><div class=\"separator  normal\" style=\"\"><\/div>\n\t<div class=\"vc_empty_space\"  style=\"height: 32px\" ><span\n\t\t\tclass=\"vc_empty_space_inner\">\n\t\t\t<span class=\"empty_space_image\"  ><\/span>\n\t\t<\/span><\/div>\n\n<\/div><\/div><\/div><\/div><\/div><div      class=\"vc_row wpb_row section vc_row-fluid\" style=' text-align:left;'><div class=\"full_section_inner clearfix\"><div class=\"wpb_column vc_column_container vc_col-sm-12\"><div class=\"vc_column-inner\"><div class=\"wpb_wrapper\">\n\t<div class=\"wpb_text_column wpb_content_element\">\n\t\t<div class=\"wpb_wrapper\">\n\t\t\t<h3 style=\"text-align: center;\"><a href=\"https:\/\/orlen.hu\/wp-content\/uploads\/ORL-HU-Business-Analyst.pdf\">BUSINESS ANALYST<\/a><\/h3>\n<p>&nbsp;<\/p>\n<p style=\"text-align: center;\">A sz\u00e1mok embere vagy? Kedvenced az Excel, az adatb\u00e1zisok \u00e9s a logika? V\u00e1g az eszed,<br \/>\nmint a borotva? Szereted fejleszteni a k\u00e9pess\u00e9geid? Akkor t\u00e9ged v\u00e1r K\u00f6z\u00e9p-Eur\u00f3pa egyik<br \/>\nmeghat\u00e1roz\u00f3 \u00fczemanyag-kereskedelmi v\u00e1llalat\u00e1nak Business Analyst poz\u00edci\u00f3ja!<\/p>\n<p>&nbsp;<\/p>\n<p style=\"text-align: center;\"><a href=\"https:\/\/orlen.hu\/wp-content\/uploads\/ORL-HU-Business-Analyst.pdf\"><span style=\"color: #d43131;\"><b>Tov\u00e1bb olvasok<\/b><\/span><\/a><\/p>\n\n\t\t<\/div> \n\t<\/div> <\/div><\/div><\/div><\/div><\/div><div      class=\"vc_row wpb_row section vc_row-fluid\" style=' text-align:left;'><div class=\"full_section_inner clearfix\"><div class=\"wpb_column vc_column_container vc_col-sm-12\"><div class=\"vc_column-inner\"><div class=\"wpb_wrapper\"><div class=\"separator  normal\" style=\"\"><\/div>\n\t<div class=\"vc_empty_space\"  style=\"height: 32px\" ><span\n\t\t\tclass=\"vc_empty_space_inner\">\n\t\t\t<span class=\"empty_space_image\"  ><\/span>\n\t\t<\/span><\/div>\n\n<\/div><\/div><\/div><\/div><\/div><div      class=\"vc_row wpb_row section vc_row-fluid\" style=' text-align:left;'><div class=\"full_section_inner clearfix\"><div class=\"wpb_column vc_column_container vc_col-sm-12\"><div class=\"vc_column-inner\"><div class=\"wpb_wrapper\">\n\t<div class=\"wpb_text_column wpb_content_element\">\n\t\t<div class=\"wpb_wrapper\">\n\t\t\t<h3 style=\"text-align: center;\"><a href=\"https:\/\/orlen.hu\/wp-content\/uploads\/ORL-HU-Karbantartasi-munkatars.pdf\">KARBANTART\u00c1SI MUNKAT\u00c1RS<\/a><\/h3>\n<p>&nbsp;<\/p>\n<p style=\"text-align: center;\">Keress\u00fck \u00faj koll\u00e9g\u00e1nkat, aki szak\u00e9rtelm\u00e9vel t\u00e1mogatja a karbantart\u00e1si folyamatokat \u00e9s<br \/>\nhozz\u00e1j\u00e1rul h\u00e1l\u00f3zatunk zavartalan m\u0171k\u00f6d\u00e9s\u00e9hez. Ha szereted a v\u00e1ltozatos feladatokat \u00e9s<br \/>\nfontos sz\u00e1modra a min\u0151s\u00e9g \u00e9s biztons\u00e1g, n\u00e1lunk megtal\u00e1lod a helyed!<\/p>\n<p>&nbsp;<\/p>\n<p style=\"text-align: center;\"><a href=\"https:\/\/orlen.hu\/wp-content\/uploads\/ORL-HU-Karbantartasi-munkatars.pdf\"><span style=\"color: #d43131;\"><strong>Tov\u00e1bb olvasok<\/strong><\/span><\/a><\/p>\n\n\t\t<\/div> \n\t<\/div> <\/div><\/div><\/div><\/div><\/div><div      class=\"vc_row wpb_row section vc_row-fluid\" style=' text-align:left;'><div class=\"full_section_inner clearfix\"><div class=\"wpb_column vc_column_container vc_col-sm-12\"><div class=\"vc_column-inner\"><div class=\"wpb_wrapper\"><div class=\"separator  normal\" style=\"\"><\/div>\n\t<div class=\"vc_empty_space\"  style=\"height: 32px\" ><span\n\t\t\tclass=\"vc_empty_space_inner\">\n\t\t\t<span class=\"empty_space_image\"  ><\/span>\n\t\t<\/span><\/div>\n\n<\/div><\/div><\/div><\/div><\/div><div      class=\"vc_row wpb_row section vc_row-fluid\" style=' text-align:left;'><div class=\"full_section_inner clearfix\"><div class=\"wpb_column vc_column_container vc_col-sm-12\"><div class=\"vc_column-inner\"><div class=\"wpb_wrapper\">\n\t<div class=\"wpb_text_column wpb_content_element\">\n\t\t<div class=\"wpb_wrapper\">\n\t\t\t<h3 style=\"text-align: center;\"><a href=\"https:\/\/orlen.hu\/wp-content\/uploads\/ORL-HU-Senior-szamviteli-szakerto.pdf\">Senior sz\u00e1mviteli szak\u00e9rt\u0151<\/a><\/h3>\n<p>&nbsp;<\/p>\n<p style=\"text-align: center;\">Keress\u00fck \u00faj koll\u00e9g\u00e1nkat, aki tapasztalat\u00e1val \u00e9s precizit\u00e1s\u00e1val t\u00e1mogatja sz\u00e1mviteli<br \/>\nfolyamataink sikeres m\u0171k\u00f6d\u00e9s\u00e9t, koordin\u00e1lja a z\u00e1r\u00e1si feladatokat, elk\u00e9sz\u00edti a<br \/>\nbesz\u00e1mol\u00f3kat, kapcsolatot tart a k\u00f6nyvvizsg\u00e1l\u00f3val \u00e9s ad\u00f3tan\u00e1csad\u00f3val \u00e9s akt\u00edvan r\u00e9szt<br \/>\nvesz az auditokban.<\/p>\n<p>&nbsp;<\/p>\n<p style=\"text-align: center;\"><a href=\"https:\/\/orlen.hu\/wp-content\/uploads\/ORL-HU-Senior-szamviteli-szakerto.pdf\"><span style=\"color: #d43131;\"><b>Tov\u00e1bb olvasok<\/b><\/span><\/a><\/p>\n\n\t\t<\/div> \n\t<\/div> <\/div><\/div><\/div><\/div><\/div><div      class=\"vc_row wpb_row section vc_row-fluid\" style=' text-align:left;'><div class=\"full_section_inner clearfix\"><div class=\"wpb_column vc_column_container vc_col-sm-12\"><div class=\"vc_column-inner\"><div class=\"wpb_wrapper\"><div class=\"separator  normal\" style=\"\"><\/div>\n\t<div class=\"vc_empty_space\"  style=\"height: 32px\" ><span\n\t\t\tclass=\"vc_empty_space_inner\">\n\t\t\t<span class=\"empty_space_image\"  ><\/span>\n\t\t<\/span><\/div>\n\n<\/div><\/div><\/div><\/div><\/div><div      class=\"vc_row wpb_row section vc_row-fluid\" style=' text-align:left;'><div class=\"full_section_inner clearfix\"><div class=\"wpb_column vc_column_container vc_col-sm-12\"><div class=\"vc_column-inner\"><div class=\"wpb_wrapper\">\n\t<div class=\"wpb_text_column wpb_content_element\">\n\t\t<div class=\"wpb_wrapper\">\n\t\t\t<h3 style=\"text-align: center;\"><a href=\"https:\/\/orlen.hu\/wp-content\/uploads\/ORL-HU-Kategoria-menedzser.pdf\">KATEG\u00d3RIA MENEDZSER<\/a><\/h3>\n<p>&nbsp;<\/p>\n<p style=\"text-align: center;\">Szereted a p\u00f6rg\u00e9st, k\u00f6nnyen teremtesz kapcsolatot m\u00e1sokkal, \u00e9s vonz a kereskedelem<br \/>\nvil\u00e1ga? Ha mindez igaz r\u00e1d, \u00e9s k\u00e9szen \u00e1llsz arra, hogy kulcsszerepl\u0151 legy\u00e9l term\u00e9kkateg\u00f3ri\u00e1ink siker\u00e9ben,<br \/>\nakkor n\u00e1lunk a helyed! Csatlakozz hozz\u00e1nk Kateg\u00f3ria menedzser<br \/>\npoz\u00edci\u00f3ban, \u00e9s alak\u00edtsd vel\u00fcnk a v\u00e1s\u00e1rl\u00f3i \u00e9lm\u00e9nyt.<\/p>\n<p>&nbsp;<\/p>\n<p style=\"text-align: center;\"><a href=\"https:\/\/orlen.hu\/wp-content\/uploads\/ORL-HU-Kategoria-menedzser.pdf\"><span style=\"color: #d43131;\"><strong>Tov\u00e1bb olvasok<\/strong><\/span><\/a><\/p>\n\n\t\t<\/div> \n\t<\/div> <\/div><\/div><\/div><\/div><\/div><div      class=\"vc_row wpb_row section vc_row-fluid\" style=' text-align:left;'><div class=\"full_section_inner clearfix\"><div class=\"wpb_column vc_column_container vc_col-sm-12\"><div class=\"vc_column-inner\"><div class=\"wpb_wrapper\"><div class=\"separator  normal\" style=\"\"><\/div>\n\t<div class=\"vc_empty_space\"  style=\"height: 32px\" ><span\n\t\t\tclass=\"vc_empty_space_inner\">\n\t\t\t<span class=\"empty_space_image\"  ><\/span>\n\t\t<\/span><\/div>\n\n<\/div><\/div><\/div><\/div><\/div><div      class=\"vc_row wpb_row section vc_row-fluid\" style=' text-align:left;'><div class=\"full_section_inner clearfix\"><div class=\"wpb_column vc_column_container vc_col-sm-12\"><div class=\"vc_column-inner\"><div class=\"wpb_wrapper\">\n\t<div class=\"wpb_text_column wpb_content_element\">\n\t\t<div class=\"wpb_wrapper\">\n\t\t\t<h3 style=\"text-align: center;\"><a href=\"https:\/\/orlen.hu\/wp-content\/uploads\/ORL-HU-Gasztro-Kategoria-menedzser-1.pdf\">GASZTRO KATEG\u00d3RIA MENEDZSER<\/a><\/h3>\n<p>&nbsp;<\/p>\n<p style=\"text-align: center;\">Szereted a p\u00f6rg\u00e9st, sz\u00edvesen \u00e9s j\u00f3l dolgozol emberekkel, \u00e9s \u00e9rdekel a kereskedelem? Az<br \/>\nORLEN Hungary-n\u00e1l az ORLEN nemzetk\u00f6zi csoport tagjak\u00e9nt Magyarorsz\u00e1gon azon<br \/>\ndolgozunk, hogy a legkiv\u00e1l\u00f3bb szakembereket vonzzuk magunkhoz, stabil, j\u00f3 hangulat\u00fa<br \/>\nl\u00e9gk\u00f6rben, sikeres munk\u00e1ltat\u00f3k\u00e9nt megtartsuk \u0151ket, egy\u00fctt sz\u00e1rnyaljunk, mik\u00f6zben<br \/>\negym\u00e1st\u00f3l is rengeteget tanulunk.<\/p>\n<p>&nbsp;<\/p>\n<p style=\"text-align: center;\"><a href=\"https:\/\/orlen.hu\/wp-content\/uploads\/ORL-HU-Gasztro-Kategoria-menedzser-1.pdf\"><span style=\"color: #d43131;\"><strong>Tov\u00e1bb olvasok<\/strong><\/span><\/a><\/p>\n\n\t\t<\/div> \n\t<\/div> <\/div><\/div><\/div><\/div><\/div><div      class=\"vc_row wpb_row section vc_row-fluid\" style=' text-align:left;'><div class=\"full_section_inner clearfix\"><div class=\"wpb_column vc_column_container vc_col-sm-12\"><div class=\"vc_column-inner\"><div class=\"wpb_wrapper\"><div class=\"separator  normal\" style=\"\"><\/div>\n\t<div class=\"vc_empty_space\"  style=\"height: 32px\" ><span\n\t\t\tclass=\"vc_empty_space_inner\">\n\t\t\t<span class=\"empty_space_image\"  ><\/span>\n\t\t<\/span><\/div>\n\n<\/div><\/div><\/div><\/div><\/div><div      class=\"vc_row wpb_row section vc_row-fluid\" style=' text-align:left;'><div class=\"full_section_inner clearfix\"><div class=\"wpb_column vc_column_container vc_col-sm-12\"><div class=\"vc_column-inner\"><div class=\"wpb_wrapper\">\n\t<div class=\"wpb_text_column wpb_content_element\">\n\t\t<div class=\"wpb_wrapper\">\n\t\t\t<h3 style=\"text-align: center;\"><a href=\"https:\/\/orlen.hu\/en\/uzemelteto-partner\/\"><span style=\"color: #0000ff;\">T\u00f6lt\u0151\u00e1llom\u00e1s \u00fczemeltet\u00e9s\u00e9n gondolkozol?<\/span><\/a><\/h3>\n<p style=\"text-align: center;\"><strong>Jelentkezz az ORLEN \u00fczemeltet\u0151i partnerh\u00e1l\u00f3zat\u00e1ba!<\/strong><\/p>\n<p>&nbsp;<\/p>\n<p style=\"text-align: center;\">Az ORLEN partnerek\u00e9nt egy eur\u00f3pai szinten m\u0171k\u00f6d\u0151, profi csapat tagja lehetsz, amely 7 orsz\u00e1gban biztos\u00edt min\u0151s\u00e9gi term\u00e9keket<br \/>\n\u00e9s szolg\u00e1ltat\u00e1sokat az \u00fcgyfeleknek. Legy\u00e9l t\u00f6lt\u0151\u00e1llom\u00e1s-\u00fczemeltet\u0151 partner\u00fcnk!<\/p>\n<p>&nbsp;<\/p>\n<p style=\"text-align: center;\"><span style=\"color: #d43131;\"><strong><a style=\"color: #d43131;\" href=\"https:\/\/orlen.hu\/en\/uzemelteto-partner\/\">Tov\u00e1bb olvasok<\/a><\/strong><\/span><\/p>\n\n\t\t<\/div> \n\t<\/div> <\/div><\/div><\/div><\/div><\/div><div      class=\"vc_row wpb_row section vc_row-fluid\" style=' text-align:left;'><div class=\"full_section_inner clearfix\"><div class=\"wpb_column vc_column_container vc_col-sm-12\"><div class=\"vc_column-inner\"><div class=\"wpb_wrapper\">\t<div class=\"vc_empty_space\"  style=\"height: 60px\" ><span\n\t\t\tclass=\"vc_empty_space_inner\">\n\t\t\t<span class=\"empty_space_image\"  ><\/span>\n\t\t<\/span><\/div>\n\n\n\t<div class=\"wpb_text_column wpb_content_element\">\n\t\t<div class=\"wpb_wrapper\">\n\t\t\t<h3 style=\"text-align: center;\">Csatlakozz hozz\u00e1nk \u00e9s form\u00e1ld vel\u00fcnk egy\u00fctt a j\u00f6v\u0151 k\u00fath\u00e1l\u00f3zat\u00e1t!<\/h3>\n\n\t\t<\/div> \n\t<\/div> \t<div class=\"vc_empty_space\"  style=\"height: 120px\" ><span\n\t\t\tclass=\"vc_empty_space_inner\">\n\t\t\t<span class=\"empty_space_image\"  ><\/span>\n\t\t<\/span><\/div>\n\n<\/div><\/div><\/div><\/div><\/div>\n<\/div>","protected":false},"excerpt":{"rendered":"Head of Fuel Card Department &nbsp; Olyan tapasztalt \u00e9s motiv\u00e1lt szakembert keres\u00fcnk, aki vezet\u0151 szerepet v\u00e1llal az \u00dczemanyagk\u00e1rtya Oszt\u00e1ly ir\u00e1ny\u00edt\u00e1s\u00e1ban. A poz\u00edci\u00f3 c\u00e9lja a k\u00e9szp\u00e9nzmentes fizet\u00e9si rendszerek fejleszt\u00e9se, strat\u00e9giai partnerkapcsolatok ki\u00e9p\u00edt\u00e9se \u00e9s az innov\u00e1ci\u00f3 el\u0151mozd\u00edt\u00e1sa az ORLEN Csoporton bel\u00fcl. &nbsp; Tov\u00e1bb olvasok Ad\u00f3k\u00f6nyvel\u0151 &nbsp; Dolgozz...","protected":false},"author":4,"featured_media":0,"parent":0,"menu_order":0,"comment_status":"closed","ping_status":"closed","template":"full_width.php","meta":{"footnotes":""},"class_list":["post-2638","page","type-page","status-publish","hentry"],"_links":{"self":[{"href":"https:\/\/orlen.hu\/en\/wp-json\/wp\/v2\/pages\/2638","targetHints":{"allow":["GET"]}}],"collection":[{"href":"https:\/\/orlen.hu\/en\/wp-json\/wp\/v2\/pages"}],"about":[{"href":"https:\/\/orlen.hu\/en\/wp-json\/wp\/v2\/types\/page"}],"author":[{"embeddable":true,"href":"https:\/\/orlen.hu\/en\/wp-json\/wp\/v2\/users\/4"}],"replies":[{"embeddable":true,"href":"https:\/\/orlen.hu\/en\/wp-json\/wp\/v2\/comments?post=2638"}],"version-history":[{"count":73,"href":"https:\/\/orlen.hu\/en\/wp-json\/wp\/v2\/pages\/2638\/revisions"}],"predecessor-version":[{"id":3067,"href":"https:\/\/orlen.hu\/en\/wp-json\/wp\/v2\/pages\/2638\/revisions\/3067"}],"wp:attachment":[{"href":"https:\/\/orlen.hu\/en\/wp-json\/wp\/v2\/media?parent=2638"}],"curies":[{"name":"wp","href":"https:\/\/api.w.org\/{rel}","templated":true}]}}