{"id":2398,"date":"2025-05-14T11:50:31","date_gmt":"2025-05-14T10:50:31","guid":{"rendered":"https:\/\/orlen.hu\/?page_id=2398"},"modified":"2025-11-27T16:03:29","modified_gmt":"2025-11-27T15:03:29","slug":"flottakartya","status":"publish","type":"page","link":"https:\/\/orlen.hu\/en\/flottakartya\/","title":{"rendered":"Fleet card"},"content":{"rendered":"<div class=\"wpb-content-wrapper\"><div      class=\"vc_row wpb_row section vc_row-fluid  black_header grid_section\" style=' text-align:center;'><div class=\"section_inner clearfix\"><div class='section_inner_margin clearfix'><div class=\"wpb_column vc_column_container vc_col-sm-12\"><div class=\"vc_column-inner\"><div class=\"wpb_wrapper\">\t<div class=\"vc_empty_space\"  style=\"height: 32px\" ><span\n\t\t\tclass=\"vc_empty_space_inner\">\n\t\t\t<span class=\"empty_space_image\"  ><\/span>\n\t\t<\/span><\/div>\n\n\n\t<div class=\"wpb_text_column wpb_content_element\">\n\t\t<div class=\"wpb_wrapper\">\n\t\t\t<h1>ORLEN flottak\u00e1rtya<\/h1>\n\n\t\t<\/div> \n\t<\/div> <div class=\"separator  small center\" style=\"background-color: #de0029;height: 2px;width: 100px;\"><\/div>\n\n\t<div class=\"wpb_text_column wpb_content_element\">\n\t\t<div class=\"wpb_wrapper\">\n\t\t\t<p>Our fleet card service helps businesses to maintain their fleet and control the transactions this involves. Using it, drivers can refuel at any of our service stations at a discounted price. As the discount varies according to the amount of fuel purchased each year, the more vehicles a business has, the more it can save with a fleet card. Monitoring transactions makes controlling the fleet\u2019s fuel consumption easier, which in the long term will lead to further significant cost savings even for small enterprises.<\/p>\n\n\t\t<\/div> \n\t<\/div> \t<div class=\"vc_empty_space\"  style=\"height: 32px\" ><span\n\t\t\tclass=\"vc_empty_space_inner\">\n\t\t\t<span class=\"empty_space_image\"  ><\/span>\n\t\t<\/span><\/div>\n\n<\/div><\/div><\/div><\/div><\/div><\/div><div      class=\"vc_row wpb_row section vc_row-fluid  white_font grid_section\" style=' text-align:left;'><div class=\"section_inner clearfix\"><div class='section_inner_margin clearfix'><div class=\"flottakartya_height wpb_column vc_column_container vc_col-sm-6\"><div class=\"vc_column-inner\"><div class=\"wpb_wrapper\">\n\t<div class=\"wpb_text_column wpb_content_element  box_shadow_class vc_custom_1702627547965\">\n\t\t<div class=\"wpb_wrapper\">\n\t\t\t<h4>Services for new customers<\/h4>\n<p>&nbsp;<\/p>\n<p>If you are interested in our fuel card, please feel free to contact our Card Department staff at the following contact details:<\/p>\n<p>&nbsp;<\/p>\n<p><strong>Phone:\u00a0<\/strong>+36 30 747 4230<\/p>\n<p><strong>E-mail:\u00a0<\/strong>kartyainfo@orlen.hu<\/p>\n\n\t\t<\/div> \n\t<\/div> \t<div class=\"vc_empty_space\"  style=\"height: 50px\" ><span\n\t\t\tclass=\"vc_empty_space_inner\">\n\t\t\t<span class=\"empty_space_image\"  ><\/span>\n\t\t<\/span><\/div>\n\n<\/div><\/div><\/div><div class=\"flottakartya_height wpb_column vc_column_container vc_col-sm-6\"><div class=\"vc_column-inner\"><div class=\"wpb_wrapper\">\n\t<div class=\"wpb_text_column wpb_content_element  box_shadow_class vc_custom_1696422920771\">\n\t\t<div class=\"wpb_wrapper\">\n\t\t\t<h4>Services for customers<\/h4>\n<p>&nbsp;<\/p>\n<ul>\n<li><span style=\"color: #ffffff;\"><a style=\"color: #ffffff;\" href=\"https:\/\/orlen.aieazyfuel.com\/Portal\/Login.aspx\">Your personal customer account<\/a><\/span><\/li>\n<\/ul>\n\n\t\t<\/div> \n\t<\/div> \t<div class=\"vc_empty_space\"  style=\"height: 50px\" ><span\n\t\t\tclass=\"vc_empty_space_inner\">\n\t\t\t<span class=\"empty_space_image\"  ><\/span>\n\t\t<\/span><\/div>\n\n\t<div class=\"vc_empty_space\"  style=\"height: 32px\" ><span\n\t\t\tclass=\"vc_empty_space_inner\">\n\t\t\t<span class=\"empty_space_image\"  ><\/span>\n\t\t<\/span><\/div>\n\n<\/div><\/div><\/div><\/div><\/div><\/div><div      class=\"vc_row wpb_row section vc_row-fluid  white_font grid_section\" style=' text-align:left;'><div class=\"section_inner clearfix\"><div class='section_inner_margin clearfix'><div class=\"flottakartya_height wpb_column vc_column_container vc_col-sm-6\"><div class=\"vc_column-inner\"><div class=\"wpb_wrapper\">\n\t<div class=\"wpb_single_image wpb_content_element vc_align_left   box_shadow_class\">\n\t\t<div class=\"wpb_wrapper\">\n\t\t\t\n\t\t\t<div class=\"vc_single_image-wrapper   vc_box_border_grey\"><img loading=\"lazy\" decoding=\"async\" width=\"1458\" height=\"2048\" src=\"https:\/\/orlen.hu\/wp-content\/uploads\/B2Bweb.jpg\" class=\"vc_single_image-img attachment-full\" alt=\"\" title=\"B2Bweb\" srcset=\"https:\/\/orlen.hu\/wp-content\/uploads\/B2Bweb.jpg 1458w, https:\/\/orlen.hu\/wp-content\/uploads\/B2Bweb-214x300.jpg 214w, https:\/\/orlen.hu\/wp-content\/uploads\/B2Bweb-729x1024.jpg 729w, https:\/\/orlen.hu\/wp-content\/uploads\/B2Bweb-768x1079.jpg 768w, https:\/\/orlen.hu\/wp-content\/uploads\/B2Bweb-1094x1536.jpg 1094w, https:\/\/orlen.hu\/wp-content\/uploads\/B2Bweb-9x12.jpg 9w, https:\/\/orlen.hu\/wp-content\/uploads\/B2Bweb-700x983.jpg 700w\" sizes=\"auto, (max-width: 1458px) 100vw, 1458px\" \/><\/div>\n\t\t<\/div>\n\t<\/div>\n\t<div class=\"vc_empty_space\"  style=\"height: 32px\" ><span\n\t\t\tclass=\"vc_empty_space_inner\">\n\t\t\t<span class=\"empty_space_image\"  ><\/span>\n\t\t<\/span><\/div>\n\n\n\t<div class=\"wpb_text_column wpb_content_element\">\n\t\t<div class=\"wpb_wrapper\">\n\t\t\t<p><strong><span style=\"color: #808080;\">Ig\u00e9nyeljen Flottak\u00e1rty\u00e1t az \u00d6n v\u00e1llalkoz\u00e1s\u00e1ra szabva, az \u0171rlap kit\u00f6lt\u00e9se csak n\u00e9h\u00e1ny percet vesz ig\u00e9nybe.<\/span><\/strong><\/p>\n<p>&nbsp;<\/p>\n<p><span style=\"color: #808080;\">A megadott inform\u00e1ci\u00f3kat tov\u00e1bb\u00edtjuk munkat\u00e1rsunknak, aki az \u00d6n ig\u00e9nyeinek megfelel\u0151 \u00e1raj\u00e1nlatot k\u00e9sz\u00edti el. K\u00e9rj\u00fck, legyen t\u00fcrelemmel, a feldolgoz\u00e1s eltarthat egy ideig &#8211; mi biztosan jelentkezni fogunk! R\u00f6vid id\u0151n bel\u00fcl kedvez\u0151 \u00e1ron tankolhat a hazai ORLEN t\u00f6lt\u0151\u00e1llom\u00e1sokon.<\/span><\/p>\n\n\t\t<\/div> \n\t<\/div> <\/div><\/div><\/div><div class=\"flottakartya_height wpb_column vc_column_container vc_col-sm-6\"><div class=\"vc_column-inner\"><div class=\"wpb_wrapper\">\n\t<div class=\"wpb_text_column wpb_content_element  box_shadow_class vc_custom_1747228644530\">\n\t\t<div class=\"wpb_wrapper\">\n\t\t\t<h4>\n<div class=\"wpcf7 no-js\" id=\"wpcf7-f2387-o1\" lang=\"hu-HU\" dir=\"ltr\" data-wpcf7-id=\"2387\">\n<div class=\"screen-reader-response\"><p role=\"status\" aria-live=\"polite\" aria-atomic=\"true\"><\/p> <ul><\/ul><\/div>\n<form action=\"\/en\/wp-json\/wp\/v2\/pages\/2398#wpcf7-f2387-o1\" method=\"post\" class=\"wpcf7-form init\" aria-label=\"Kapcsolatfelv\u00e9teli \u0171rlap\" novalidate=\"novalidate\" data-status=\"init\" data-trp-original-action=\"\/en\/wp-json\/wp\/v2\/pages\/2398#wpcf7-f2387-o1\">\n<fieldset class=\"hidden-fields-container\"><input type=\"hidden\" name=\"_wpcf7\" value=\"2387\" \/><input type=\"hidden\" name=\"_wpcf7_version\" value=\"6.1.1\" \/><input type=\"hidden\" name=\"_wpcf7_locale\" value=\"hu_HU\" \/><input type=\"hidden\" name=\"_wpcf7_unit_tag\" value=\"wpcf7-f2387-o1\" \/><input type=\"hidden\" name=\"_wpcf7_container_post\" value=\"0\" \/><input type=\"hidden\" name=\"_wpcf7_posted_data_hash\" value=\"\" \/>\n<\/fieldset>\n<p><label> Name (obligatory) <span class=\"wpcf7-form-control-wrap\" data-name=\"nev\"><input size=\"40\" maxlength=\"400\" class=\"wpcf7-form-control wpcf7-text wpcf7-validates-as-required\" aria-required=\"true\" aria-invalid=\"false\" value=\"\" type=\"text\" name=\"nev\" \/><\/span> <\/label><br \/>\n<label> C\u00e9gn\u00e9v (k\u00f6telez\u0151) <span class=\"wpcf7-form-control-wrap\" data-name=\"cegnev\"><input size=\"40\" maxlength=\"400\" class=\"wpcf7-form-control wpcf7-text wpcf7-validates-as-required\" aria-required=\"true\" aria-invalid=\"false\" value=\"\" type=\"text\" name=\"cegnev\" \/><\/span> <\/label><br \/>\n<label> Ad\u00f3sz\u00e1m (k\u00f6telez\u0151) <span class=\"wpcf7-form-control-wrap\" data-name=\"adoszam\"><input size=\"40\" maxlength=\"400\" class=\"wpcf7-form-control wpcf7-text wpcf7-validates-as-required\" aria-required=\"true\" aria-invalid=\"false\" value=\"\" type=\"text\" name=\"adoszam\" \/><\/span> <\/label><br \/>\n<label> V\u00e1ros (k\u00f6telez\u0151) <span class=\"wpcf7-form-control-wrap\" data-name=\"varos\"><input size=\"40\" maxlength=\"400\" class=\"wpcf7-form-control wpcf7-text wpcf7-validates-as-required\" aria-required=\"true\" aria-invalid=\"false\" value=\"\" type=\"text\" name=\"varos\" \/><\/span> <\/label><br \/>\n<label> Telefonsz\u00e1m(k\u00f6telez\u0151) <span class=\"wpcf7-form-control-wrap\" data-name=\"telefon\"><input size=\"40\" maxlength=\"400\" class=\"wpcf7-form-control wpcf7-text wpcf7-validates-as-required\" aria-required=\"true\" aria-invalid=\"false\" value=\"\" type=\"text\" name=\"telefon\" \/><\/span> <\/label><br \/>\n<label> E-mail c\u00edm <span class=\"wpcf7-form-control-wrap\" data-name=\"email\"><input size=\"40\" maxlength=\"400\" class=\"wpcf7-form-control wpcf7-email wpcf7-validates-as-required wpcf7-text wpcf7-validates-as-email\" aria-required=\"true\" aria-invalid=\"false\" value=\"\" type=\"email\" name=\"email\" \/><\/span> <\/label><br \/>\n<label> \u00c1tlagos havi fogyaszt\u00e1s literben (k\u00f6telez\u0151) <span class=\"wpcf7-form-control-wrap\" data-name=\"fogyasztas\"><input size=\"40\" maxlength=\"400\" class=\"wpcf7-form-control wpcf7-text wpcf7-validates-as-required\" aria-required=\"true\" aria-invalid=\"false\" value=\"\" type=\"text\" name=\"fogyasztas\" \/><\/span> <\/label><br \/>\n<label> A flott\u00e1ban l\u00e9v\u0151 j\u00e1rm\u0171vek sz\u00e1ma<span class=\"wpcf7-form-control-wrap\" data-name=\"jarmuszam\"><select class=\"wpcf7-form-control wpcf7-select\" aria-invalid=\"false\" name=\"jarmuszam\"><option value=\"V\u00e1lasszon a list\u00e1b\u00f3l!\">V\u00e1lasszon a list\u00e1b\u00f3l!<\/option><option value=\"1-10\">1-10<\/option><option value=\"10-50\">10-50<\/option><option value=\"51-100\">51-100<\/option><option value=\"101-n\u00e9l t\u00f6bb\">101-n\u00e9l t\u00f6bb<\/option><\/select><\/span> <\/label><br \/>\n<label> A flott\u00e1ban l\u00e9v\u0151 j\u00e1rm\u0171t\u00edpusok <span class=\"wpcf7-form-control-wrap\" data-name=\"jarmutipus\"><select class=\"wpcf7-form-control wpcf7-select\" aria-invalid=\"false\" multiple=\"multiple\" name=\"jarmutipus[]\"><option value=\"Szem\u00e9lyg\u00e9pkocsik\">Szem\u00e9lyg\u00e9pkocsik<\/option><option value=\"Kisteheraut\u00f3k\">Kisteheraut\u00f3k<\/option><option value=\"Teherg\u00e9pkocsik \u00e9s buszok\">Teherg\u00e9pkocsik \u00e9s buszok<\/option><option value=\"\u00c9p\u00edt\u0151ipari \u00e9s mez\u0151gazdas\u00e1gi g\u00e9pek\">\u00c9p\u00edt\u0151ipari \u00e9s mez\u0151gazdas\u00e1gi g\u00e9pek<\/option><\/select><\/span> <\/label>\n<\/p>\n<p><label>Hol hallott az ORLEN flottak\u00e1rty\u00e1r\u00f3l? <span class=\"wpcf7-form-control-wrap\" data-name=\"HonnanHallott\"><select class=\"wpcf7-form-control wpcf7-select\" aria-invalid=\"false\" name=\"HonnanHallott\"><option value=\"V\u00e1lasszon a list\u00e1b\u00f3l!\">V\u00e1lasszon a list\u00e1b\u00f3l!<\/option><option value=\"Rekl\u00e1m a TV-ben vagy r\u00e1di\u00f3ban\">Rekl\u00e1m a TV-ben vagy r\u00e1di\u00f3ban<\/option><option value=\"Internetes rekl\u00e1m, weboldalak, bannerek\u2026\">Internetes rekl\u00e1m, weboldalak, bannerek\u2026<\/option><option value=\"K\u00f6z\u00f6ss\u00e9gi m\u00e9dia oldal\">K\u00f6z\u00f6ss\u00e9gi m\u00e9dia oldal<\/option><option value=\"Hirdet\u00e9s m\u00e1s m\u00e9diumokban\">Hirdet\u00e9s m\u00e1s m\u00e9diumokban<\/option><option value=\"Rendezv\u00e9ny, ahol az ORLEN ki\u00e1ll\u00edtott\">Rendezv\u00e9ny, ahol az ORLEN ki\u00e1ll\u00edtott<\/option><option value=\"Sz\u00f3r\u00f3lap\">Sz\u00f3r\u00f3lap<\/option><option value=\"Aj\u00e1nl\u00e1s a t\u00f6lt\u0151\u00e1llom\u00e1son\">Aj\u00e1nl\u00e1s a t\u00f6lt\u0151\u00e1llom\u00e1son<\/option><option value=\"Aj\u00e1nl\u00e1s egy bar\u00e1tomt\u00f3l\">Aj\u00e1nl\u00e1s egy bar\u00e1tomt\u00f3l<\/option><\/select><\/span> <\/label>\n<\/p>\n<p><input class=\"wpcf7-form-control wpcf7-submit has-spinner\" type=\"submit\" value=\"K\u00fcld\u00e9s\" \/>\n<\/p><div class=\"wpcf7-response-output\" aria-hidden=\"true\"><\/div>\n<input type=\"hidden\" name=\"trp-form-language\" value=\"en\"\/><\/form>\n<\/div>\n<\/h4>\n\n\t\t<\/div> \n\t<\/div> \t<div class=\"vc_empty_space\"  style=\"height: 50px\" ><span\n\t\t\tclass=\"vc_empty_space_inner\">\n\t\t\t<span class=\"empty_space_image\"  ><\/span>\n\t\t<\/span><\/div>\n\n\t<div class=\"vc_empty_space\"  style=\"height: 32px\" ><span\n\t\t\tclass=\"vc_empty_space_inner\">\n\t\t\t<span class=\"empty_space_image\"  ><\/span>\n\t\t<\/span><\/div>\n\n<\/div><\/div><\/div><\/div><\/div><\/div><div      class=\"vc_row wpb_row section vc_row-fluid  white_font grid_section\" style=' text-align:left;'><div class=\"section_inner clearfix\"><div class='section_inner_margin clearfix'><div class=\"flottakartya_height wpb_column vc_column_container vc_col-sm-12\"><div class=\"vc_column-inner\"><div class=\"wpb_wrapper\">\n\t<div class=\"wpb_text_column wpb_content_element  box_shadow_class vc_custom_1764255806736\">\n\t\t<div class=\"wpb_wrapper\">\n\t\t\t<p><strong>General terms and conditions:<\/strong><\/p>\n<ul>\n<li><span style=\"color: #ffffff;\"><a style=\"color: #ffffff;\" href=\"https:\/\/orlen.hu\/wp-content\/uploads\/ASZF-2025.-aprilis-1.-tol-es-1.szamu-melleklete.pdf\" target=\"_blank\" rel=\"noopener\">\u00c1SZF 2025. \u00e1prilis 1.-t\u0151l \u00e9s 1.sz\u00e1m\u00fa mell\u00e9klete<\/a><\/span><\/li>\n<li><a href=\"https:\/\/orlen.hu\/wp-content\/uploads\/\u00c1SZF-2.-\u00e9s-3.sz_.-mell\u00e9kletei-El\u0151re-Fizetett-k\u00e1rtya_k\u00fati-\u00e1r-kedvezm\u00e9ny-2.pdf\" target=\"_blank\" rel=\"noopener\"><span style=\"color: #ffffff;\">\u00c1SZF 2. \u00e9s 3.sz mell\u00e9kletei El\u0151re Fizetett k\u00e1rtya_k\u00fati \u00e1r kedvezm\u00e9ny<\/span><\/a><\/li>\n<li><span style=\"color: #ffffff;\"><a style=\"color: #ffffff;\" href=\"https:\/\/orlen.hu\/wp-content\/uploads\/\u00c1SZF-2.-\u00e9s-3.sz_.-mell\u00e9kletei-El\u0151re-Fizetett-k\u00e1rtya_lista-\u00e1r-kedvezm\u00e9ny-2.pdf\" target=\"_blank\" rel=\"noopener\">\u00c1SZF 2. \u00e9s 3.sz mell\u00e9kletei El\u0151re Fizetett k\u00e1rtya_lista \u00e1r kedvezm\u00e9ny<\/a><\/span><\/li>\n<li><span style=\"color: #ffffff;\"><a style=\"color: #ffffff;\" href=\"https:\/\/orlen.hu\/wp-content\/uploads\/Kartyaelfogado-ORLEN-Benzinkutak.pdf\" target=\"_blank\" rel=\"noopener\">K\u00e1rtyaelfogad\u00f3 ORLEN Benzinkutak \u00e9s K\u00fcls\u0151 Szolg\u00e1ltat\u00f3k list\u00e1ja<\/a><\/span><\/li>\n<li><span style=\"color: #ffffff;\"><a style=\"color: #ffffff;\" href=\"https:\/\/orlen.hu\/wp-content\/uploads\/ORLEN-Flottakartya-adatkezelesi-szabalyzat-1.pdf\" target=\"_blank\" rel=\"noopener\">ORLEN Flottak\u00e1rtya adatkezel\u00e9si szab\u00e1lyzat<\/a><\/span><\/li>\n<\/ul>\n\n\t\t<\/div> \n\t<\/div> \t<div class=\"vc_empty_space\"  style=\"height: 50px\" ><span\n\t\t\tclass=\"vc_empty_space_inner\">\n\t\t\t<span class=\"empty_space_image\"  ><\/span>\n\t\t<\/span><\/div>\n\n<\/div><\/div><\/div><\/div><\/div><\/div><div      class=\"vc_row wpb_row section vc_row-fluid  white_font grid_section\" style=' text-align:left;'><div class=\"section_inner clearfix\"><div class='section_inner_margin clearfix'><div class=\"flottakartya_height wpb_column vc_column_container vc_col-sm-12\"><div class=\"vc_column-inner\"><div class=\"wpb_wrapper\">\n\t<div class=\"wpb_text_column wpb_content_element  box_shadow_class vc_custom_1745394074326\">\n\t\t<div class=\"wpb_wrapper\">\n\t\t\t<p><strong>Previous documents:<\/strong><\/p>\n<ul>\n<li><span style=\"color: #ffffff;\"><a style=\"color: #ffffff;\" href=\"https:\/\/orlen.hu\/wp-content\/uploads\/2019\/10\/1_2014.-01.-20.-ut\u00e1n-k\u00f6t\u00f6tt-szerz\u0151d\u00e9sekre-vonatkoz\u00f3-A-\u00e9s-B-kateg\u00f3ri\u00e1j\u00fa-k\u00fat-besorol\u00e1s-2014.08.01-t\u0151l.pdf\">1_2014.01.20 ut\u00e1n k\u00f6t\u00f6tt szerz\u0151d\u00e9sekre vonatkoz\u00f3 A \u00e9s B kateg\u00f3ri\u00e1j\u00fa k\u00fat besorol\u00e1s 2014.08.01-t\u0151l<\/a><\/span><\/li>\n<li><span style=\"color: #ffffff;\"><a style=\"color: #ffffff;\" href=\"https:\/\/orlen.hu\/wp-content\/uploads\/2019\/10\/2_\u00c1SZF-2.sz_.-v\u00e1ltozat-2011.-szeptember-10.-t\u0151l.pdf\">2_\u00c1SZF 2.sz. v\u00e1ltozat 2011. szeptember 10.-t\u0151l<\/a><\/span><\/li>\n<li><span style=\"color: #ffffff;\"><a style=\"color: #ffffff;\" href=\"https:\/\/orlen.hu\/wp-content\/uploads\/2019\/10\/3_K\u00e1rtyaelfogad\u00f3-LUKOIL-Benzinkutak-\u00e9s-K\u00fcls\u0151-Szolg\u00e1ltat\u00f3k-list\u00e1ja-2015.11.26-t\u00f3l.pdf\">3_K\u00e1rtyaelfogad\u00f3 LUKOIL Benzinkutak \u00e9s K\u00fcls\u0151 Szolg\u00e1ltat\u00f3k list\u00e1ja 2015.11.26-t\u00f3l<\/a><\/span><\/li>\n<li><span style=\"color: #ffffff;\"><a style=\"color: #ffffff;\" href=\"https:\/\/orlen.hu\/wp-content\/uploads\/2019\/10\/4_A-\u00e9s-B-kateg\u00f3ri\u00e1j\u00fa-k\u00fat-besorol\u00e1s-2.sz_.-v\u00e1ltozat.pdf\">4_A \u00e9s B kateg\u00f3ri\u00e1j\u00fa k\u00fat besorol\u00e1s 2.sz. v\u00e1ltozat<\/a><\/span><\/li>\n<li><span style=\"color: #ffffff;\"><a style=\"color: #ffffff;\" href=\"https:\/\/orlen.hu\/wp-content\/uploads\/2019\/10\/5_\u00c1SZF-2015.-janu\u00e1r-1.-t\u0151l-\u00e9s-1.sz_.-mell\u00e9klete.pdf\">5_\u00c1SZF 2015. janu\u00e1r 1.-t\u0151l \u00e9s 1.sz. mell\u00e9klete<\/a><\/span><\/li>\n<li><span style=\"color: #ffffff;\"><a style=\"color: #ffffff;\" href=\"https:\/\/orlen.hu\/wp-content\/uploads\/2019\/10\/6_A-\u00e9s-B-kateg\u00f3ri\u00e1j\u00fa-k\u00fat-besorol\u00e1s-2015.\u00e1prilis-1.-t\u0151l.pdf\">6_A \u00e9s B kateg\u00f3ri\u00e1j\u00fa k\u00fat besorol\u00e1s 2015.\u00e1prilis 1.-t\u0151l<\/a><\/span><\/li>\n<li><a href=\"https:\/\/orlen.hu\/wp-content\/uploads\/2019\/10\/7_K\u00e1rtyaelfogad\u00f3-LUKOIL-Benzinkutak-\u00e9s-K\u00fcls\u0151-Szolg\u00e1ltat\u00f3k-list\u00e1ja-2016.02.01-t\u0151l.pdf\"><span style=\"color: #ffffff;\">7_K\u00e1rtyaelfogad\u00f3 LUKOIL Benzinkutak \u00e9s K\u00fcls\u0151 Szolg\u00e1ltat\u00f3k list\u00e1ja 2016.02.01-t\u0151l<\/span><\/a><\/li>\n<li><span style=\"color: #ffffff;\"><a style=\"color: #ffffff;\" href=\"https:\/\/orlen.hu\/wp-content\/uploads\/2019\/10\/8_\u00c1SZF-2015.-\u00e1prilis1.-t\u0151l-\u00e9s-1.sz_.-mell\u00e9klete.pdf\">8_\u00c1SZF 2015. \u00e1prilis 1.-t\u0151l \u00e9s 1.sz. mell\u00e9klete<\/a><\/span><\/li>\n<li><span style=\"color: #ffffff;\"><a style=\"color: #ffffff;\" href=\"https:\/\/orlen.hu\/wp-content\/uploads\/ASZF-2019.-oktober-1.-tol-es-1.szamu-melleklete.pdf\" target=\"_blank\" rel=\"noopener\">9. \u00c1SZF 2019. okt\u00f3ber 1.-t\u0151l \u00e9s 1.sz\u00e1m\u00fa mell\u00e9klete<\/a><\/span><\/li>\n<\/ul>\n\n\t\t<\/div> \n\t<\/div> \t<div class=\"vc_empty_space\"  style=\"height: 50px\" ><span\n\t\t\tclass=\"vc_empty_space_inner\">\n\t\t\t<span class=\"empty_space_image\"  ><\/span>\n\t\t<\/span><\/div>\n\n<\/div><\/div><\/div><\/div><\/div><\/div>\n<\/div>","protected":false},"excerpt":{"rendered":"ORLEN flottak\u00e1rtya Flottak\u00e1rtya szolg\u00e1ltat\u00e1sunk a v\u00e1llalkoz\u00e1sokat j\u00e1rm\u0171flott\u00e1juk fenntart\u00e1s\u00e1ban \u00e9s az ezzel j\u00e1r\u00f3 tranzakci\u00f3k ellen\u0151rz\u00e9s\u00e9ben seg\u00edti. Haszn\u00e1lat\u00e1val b\u00e1rmely t\u00f6lt\u0151\u00e1llom\u00e1sunkon kedvezm\u00e9nyes \u00e1ron tankolhatnak a j\u00e1rm\u0171vezet\u0151k. Mivel a kedvezm\u00e9ny az \u00e9vente v\u00e1s\u00e1rolt \u00fczemanyag mennyis\u00e9g\u00e9hez m\u00e9rten v\u00e1ltozik, \u00edgy min\u00e9l t\u00f6bb j\u00e1rm\u0171vel rendelkezik egy v\u00e1llalkoz\u00e1s, ann\u00e1l t\u00f6bbet sp\u00f3rolhat a flottak\u00e1rtya...","protected":false},"author":1,"featured_media":0,"parent":0,"menu_order":0,"comment_status":"closed","ping_status":"closed","template":"full_width.php","meta":{"footnotes":""},"class_list":["post-2398","page","type-page","status-publish","hentry"],"_links":{"self":[{"href":"https:\/\/orlen.hu\/en\/wp-json\/wp\/v2\/pages\/2398","targetHints":{"allow":["GET"]}}],"collection":[{"href":"https:\/\/orlen.hu\/en\/wp-json\/wp\/v2\/pages"}],"about":[{"href":"https:\/\/orlen.hu\/en\/wp-json\/wp\/v2\/types\/page"}],"author":[{"embeddable":true,"href":"https:\/\/orlen.hu\/en\/wp-json\/wp\/v2\/users\/1"}],"replies":[{"embeddable":true,"href":"https:\/\/orlen.hu\/en\/wp-json\/wp\/v2\/comments?post=2398"}],"version-history":[{"count":56,"href":"https:\/\/orlen.hu\/en\/wp-json\/wp\/v2\/pages\/2398\/revisions"}],"predecessor-version":[{"id":2979,"href":"https:\/\/orlen.hu\/en\/wp-json\/wp\/v2\/pages\/2398\/revisions\/2979"}],"wp:attachment":[{"href":"https:\/\/orlen.hu\/en\/wp-json\/wp\/v2\/media?parent=2398"}],"curies":[{"name":"wp","href":"https:\/\/api.w.org\/{rel}","templated":true}]}}