{"id":1878,"date":"2023-10-24T09:38:00","date_gmt":"2023-10-24T08:38:00","guid":{"rendered":"https:\/\/orlen.hu\/?page_id=1878"},"modified":"2026-04-16T09:05:58","modified_gmt":"2026-04-16T08:05:58","slug":"uzemelteto-partner","status":"publish","type":"page","link":"https:\/\/orlen.hu\/en\/uzemelteto-partner\/","title":{"rendered":"Fuel station operator"},"content":{"rendered":"<div class=\"wpb-content-wrapper\"><div      class=\"vc_row wpb_row section vc_row-fluid\" style=' text-align:center;'><div class=\"full_section_inner clearfix\"><div class=\"wpb_column vc_column_container vc_col-sm-12\"><div class=\"vc_column-inner\"><div class=\"wpb_wrapper\">\t<div class=\"vc_empty_space\"  style=\"height: 32px\" ><span\n\t\t\tclass=\"vc_empty_space_inner\">\n\t\t\t<span class=\"empty_space_image\"  ><\/span>\n\t\t<\/span><\/div>\n\n\n\t<div class=\"wpb_single_image wpb_content_element vc_align_center\">\n\t\t<div class=\"wpb_wrapper\">\n\t\t\t\n\t\t\t<div class=\"vc_single_image-wrapper   vc_box_border_grey\"><img loading=\"lazy\" decoding=\"async\" width=\"1920\" height=\"800\" src=\"https:\/\/orlen.hu\/wp-content\/uploads\/u\u0308zemelteto\u030b-oki-1920x800-1.png\" class=\"vc_single_image-img attachment-full\" alt=\"\" title=\"\u00dczemeltet\u0151\" srcset=\"https:\/\/orlen.hu\/wp-content\/uploads\/u\u0308zemelteto\u030b-oki-1920x800-1.png 1920w, https:\/\/orlen.hu\/wp-content\/uploads\/u\u0308zemelteto\u030b-oki-1920x800-1-300x125.png 300w, https:\/\/orlen.hu\/wp-content\/uploads\/u\u0308zemelteto\u030b-oki-1920x800-1-1024x427.png 1024w, https:\/\/orlen.hu\/wp-content\/uploads\/u\u0308zemelteto\u030b-oki-1920x800-1-768x320.png 768w, https:\/\/orlen.hu\/wp-content\/uploads\/u\u0308zemelteto\u030b-oki-1920x800-1-1536x640.png 1536w, https:\/\/orlen.hu\/wp-content\/uploads\/u\u0308zemelteto\u030b-oki-1920x800-1-18x8.png 18w, https:\/\/orlen.hu\/wp-content\/uploads\/u\u0308zemelteto\u030b-oki-1920x800-1-700x292.png 700w\" sizes=\"auto, (max-width: 1920px) 100vw, 1920px\" \/><\/div>\n\t\t<\/div>\n\t<\/div>\n\t<div class=\"vc_empty_space\"  style=\"height: 32px\" ><span\n\t\t\tclass=\"vc_empty_space_inner\">\n\t\t\t<span class=\"empty_space_image\"  ><\/span>\n\t\t<\/span><\/div>\n\n<\/div><\/div><\/div><\/div><\/div><div      class=\"vc_row wpb_row section vc_row-fluid  grid_section\" style=' text-align:center;'><div class=\"section_inner clearfix\"><div class='section_inner_margin clearfix'><div class=\"wpb_column vc_column_container vc_col-sm-12\"><div class=\"vc_column-inner\"><div class=\"wpb_wrapper\">\t<div class=\"vc_empty_space\"  style=\"height: 60px\" ><span\n\t\t\tclass=\"vc_empty_space_inner\">\n\t\t\t<span class=\"empty_space_image\"  ><\/span>\n\t\t<\/span><\/div>\n\n\n\t<div class=\"wpb_text_column wpb_content_element\">\n\t\t<div class=\"wpb_wrapper\">\n\t\t\t<h1>Jelentkezz az ORLEN \u00fczemeltet\u0151i partnerh\u00e1l\u00f3zat\u00e1ba!<\/h1>\n\n\t\t<\/div> \n\t<\/div> <div class=\"separator  small center\" style=\"background-color: #de0029;\"><\/div>\n\n\t<div class=\"wpb_text_column wpb_content_element\">\n\t\t<div class=\"wpb_wrapper\">\n\t\t\t<p style=\"text-align: center;\">Csatlakozz egy t\u00f6bb mint 3000 t\u00f6lt\u0151\u00e1llom\u00e1sb\u00f3l \u00e1ll\u00f3, nemzetk\u00f6zi h\u00e1l\u00f3zathoz! Az ORLEN partnerek\u00e9nt egy eur\u00f3pai szinten m\u0171k\u00f6d\u0151, profi csapat tagja lehetsz, amely 7 orsz\u00e1gban biztos\u00edt min\u0151s\u00e9gi term\u00e9keket \u00e9s szolg\u00e1ltat\u00e1sokat az \u00fcgyfeleknek. Legy\u00e9l t\u00f6lt\u0151\u00e1llom\u00e1s-\u00fczemeltet\u0151 partner\u00fcnk!<\/p>\n<p style=\"text-align: center;\">Az ORLEN csoport a k\u00f6z\u00e9p-kelet-eur\u00f3pai r\u00e9gi\u00f3 legnagyobb energetikai v\u00e1llalata. A c\u00e9gcsoport a k\u0151olaj \u00e9s f\u00f6ldg\u00e1z kitermel\u00e9se \u00e9s feldolgoz\u00e1sa mellett \u00fczemanyagok, petrolk\u00e9miai term\u00e9kek, f\u00f6ldg\u00e1z \u00e9s meg\u00fajul\u00f3 energiaforr\u00e1sokb\u00f3l sz\u00e1rmaz\u00f3 energia termel\u00e9s\u00e9vel, disztrib\u00faci\u00f3j\u00e1val \u00e9s \u00e9rt\u00e9kes\u00edt\u00e9s\u00e9vel foglalkozik. Az ORLEN 2022. december 1-j\u00e9n l\u00e9pett be a magyar \u00fczemanyag-kiskereskedelmi piacra.<\/p>\n<p>&nbsp;<\/p>\n<p style=\"text-align: center;\">Magyarorsz\u00e1gon jelenleg 139 t\u00f6lt\u0151\u00e1llom\u00e1st \u00fczemeltet\u00fcnk. Folyamatosan b\u0151v\u00fcl\u0151 h\u00e1l\u00f3zatunk \u00fczemeltet\u00e9s\u00e9hez keress\u00fck azokat az elhivatott partnereket, akik sz\u00e1m\u00e1ra ugyan\u00fagy els\u0151dleges a min\u0151s\u00e9g \u00e9s szeretn\u00e9nek vel\u00fcnk egy\u00fctt n\u00f6vekedni. A min\u0151s\u00e9gi \u00fczemanyag biztos\u00edt\u00e1sa mellett nemzetk\u00f6zi tapasztalatainkkal az \u00fczletvezet\u00e9sben is t\u00e1mogatunk, vel\u00fcnk megtal\u00e1lod a sz\u00e1m\u00edt\u00e1sod!<\/p>\n<p>&nbsp;<\/p>\n<p style=\"text-align: left;\"><strong>Mit k\u00edn\u00e1lunk Partnereink sz\u00e1m\u00e1ra?<\/strong><\/p>\n<ul style=\"text-align: left;\">\n<li>A teljes\u00edtm\u00e9nnyel ar\u00e1nyos, kiemelked\u0151 j\u00f6vedelmez\u0151s\u00e9get.<\/li>\n<li>Biztos\u00edtjuk a folyamatos ell\u00e1t\u00e1st az kiv\u00e1l\u00f3 min\u0151s\u00e9g\u0171 ORLEN \u00fczemanyagaival.<\/li>\n<li>T\u00e1mogat\u00e1st ny\u00fajtunk az \u00fczlett\u00e9r \u00e1talak\u00edt\u00e1s\u00e1ban \u00e9s a k\u00f6zponti prom\u00f3ci\u00f3k megval\u00f3s\u00edt\u00e1s\u00e1ban.<\/li>\n<li>Megosztjuk az ORLEN csoport m\u0171k\u00f6dtet\u00e9si tapasztalat\u00e1t \u00e9s j\u00f3 gyakorlatait.<\/li>\n<li>A h\u00e1l\u00f3zat tagjak\u00e9nt t\u00f6lt\u0151\u00e1llom\u00e1sod is profit\u00e1lni fog az ORLEN m\u00e1rka ismerts\u00e9g\u00e9b\u0151l.<\/li>\n<\/ul>\n<p>&nbsp;<\/p>\n<p style=\"text-align: left;\"><strong>Az ide\u00e1lis partner:<\/strong><\/p>\n<ul>\n<li style=\"text-align: left;\">Az ORLEN-nel egy\u00fcttm\u0171k\u00f6dve vezeti a v\u00e1llalkoz\u00e1s\u00e1t.<\/li>\n<li style=\"text-align: left;\">Az ORLEN m\u00e1rka \u00e9rt\u00e9keit k\u00e9pviseli \u00e9s gondoskodik a kimagasl\u00f3 min\u0151s\u00e9g biztos\u00edt\u00e1s\u00e1r\u00f3l a t\u00f6lt\u0151\u00e1llom\u00e1son.<\/li>\n<li style=\"text-align: left;\">R\u00e9szt vesz a m\u00e1rka k\u00f6zponti prom\u00f3ci\u00f3iban \u00e9s id\u0151szakos akci\u00f3iban.<\/li>\n<li style=\"text-align: left;\">Biztos\u00edtja, hogy a munkat\u00e1rsai ismerj\u00e9k \u00e9s akt\u00edvan n\u00e9pszer\u0171s\u00edts\u00e9k az ORLEN alkalmaz\u00e1s\u00e1t, az ezen kereszt\u00fcl el\u00e9rhet\u0151 kedvezm\u00e9nyt.<\/li>\n<li style=\"text-align: left;\">Felel\u0151ss\u00e9get v\u00e1llal a t\u00f6lt\u0151\u00e1llom\u00e1s biztons\u00e1gos m\u0171k\u00f6d\u00e9s\u00e9\u00e9rt \u00e9s tiszt\u00e1n, rendezetten tartja azt.<\/li>\n<li style=\"text-align: left;\">Biztos\u00edtja a megfelel\u0151 munkak\u00f6r\u00fclm\u00e9nyeket- \u00e9s felt\u00e9teleket a munkav\u00e1llal\u00f3k sz\u00e1m\u00e1ra.<\/li>\n<li style=\"text-align: left;\">Relev\u00e1ns tapasztalattal rendelkezik, ismeri a piacot.<\/li>\n<li style=\"text-align: left;\">Rendelkezik megfelel\u0151 p\u00e9nz\u00fcgyi h\u00e1tt\u00e9rrel a kezd\u00e9shez (biztos\u00edt\u00e9k).<\/li>\n<li style=\"text-align: left;\">Saj\u00e1t v\u00e1llalkoz\u00e1s\u00e1t ir\u00e1ny\u00edtja, vagy kipr\u00f3b\u00e1ln\u00e1 mag\u00e1t v\u00e1llalkoz\u00f3k\u00e9nt. A v\u00e1llalkoz\u00e1s elind\u00edt\u00e1s\u00e1ban az ORLEN szakemberei seg\u00edtik a jelentkez\u0151t.<\/li>\n<\/ul>\n<p>&nbsp;<\/p>\n<p style=\"text-align: left;\"><strong>Aktu\u00e1lisan p\u00e1ly\u00e1zhat\u00f3 t\u00f6lt\u0151\u00e1llom\u00e1sok<\/strong><\/p>\n<ul>\n<li style=\"text-align: left;\">ORLEN H\u00f3dmez\u0151v\u00e1s\u00e1rhely<\/li>\n<li style=\"text-align: left;\">ORLEN Oroszl\u00e1ny<\/li>\n<li>ORLEN \u00c9rd<\/li>\n<\/ul>\n<p>&nbsp;<\/p>\n<p style=\"text-align: left;\"><strong>Contact<\/strong><\/p>\n<p style=\"text-align: left;\">Felkeltett\u00fck az \u00e9rdekl\u0151d\u00e9sed? Amennyiben csatlakozn\u00e1l az ORLEN h\u00e1l\u00f3zat\u00e1hoz, k\u00e9rj\u00fck k\u00fcldd el f\u00e9nyk\u00e9pes \u00f6n\u00e9letrajzod az al\u00e1bbi el\u00e9rhet\u0151s\u00e9gre!<\/p>\n<p style=\"text-align: left;\"><a href=\"mailto:uzemelteto@orlen.hu\">uzemelteto@orlen.hu<\/a><\/p>\n\n\t\t<\/div> \n\t<\/div> \t<div class=\"vc_empty_space\"  style=\"height: 32px\" ><span\n\t\t\tclass=\"vc_empty_space_inner\">\n\t\t\t<span class=\"empty_space_image\"  ><\/span>\n\t\t<\/span><\/div>\n\n<\/div><\/div><\/div><\/div><\/div><\/div>\n<\/div>","protected":false},"excerpt":{"rendered":"Jelentkezz az ORLEN \u00fczemeltet\u0151i partnerh\u00e1l\u00f3zat\u00e1ba! Csatlakozz egy t\u00f6bb mint 3000 t\u00f6lt\u0151\u00e1llom\u00e1sb\u00f3l \u00e1ll\u00f3, nemzetk\u00f6zi h\u00e1l\u00f3zathoz! Az ORLEN partnerek\u00e9nt egy eur\u00f3pai szinten m\u0171k\u00f6d\u0151, profi csapat tagja lehetsz, amely 7 orsz\u00e1gban biztos\u00edt min\u0151s\u00e9gi term\u00e9keket \u00e9s szolg\u00e1ltat\u00e1sokat az \u00fcgyfeleknek. Legy\u00e9l t\u00f6lt\u0151\u00e1llom\u00e1s-\u00fczemeltet\u0151 partner\u00fcnk! Az ORLEN csoport a k\u00f6z\u00e9p-kelet-eur\u00f3pai r\u00e9gi\u00f3 legnagyobb...","protected":false},"author":1,"featured_media":0,"parent":0,"menu_order":0,"comment_status":"closed","ping_status":"closed","template":"full_width.php","meta":{"footnotes":""},"class_list":["post-1878","page","type-page","status-publish","hentry"],"_links":{"self":[{"href":"https:\/\/orlen.hu\/en\/wp-json\/wp\/v2\/pages\/1878","targetHints":{"allow":["GET"]}}],"collection":[{"href":"https:\/\/orlen.hu\/en\/wp-json\/wp\/v2\/pages"}],"about":[{"href":"https:\/\/orlen.hu\/en\/wp-json\/wp\/v2\/types\/page"}],"author":[{"embeddable":true,"href":"https:\/\/orlen.hu\/en\/wp-json\/wp\/v2\/users\/1"}],"replies":[{"embeddable":true,"href":"https:\/\/orlen.hu\/en\/wp-json\/wp\/v2\/comments?post=1878"}],"version-history":[{"count":66,"href":"https:\/\/orlen.hu\/en\/wp-json\/wp\/v2\/pages\/1878\/revisions"}],"predecessor-version":[{"id":3073,"href":"https:\/\/orlen.hu\/en\/wp-json\/wp\/v2\/pages\/1878\/revisions\/3073"}],"wp:attachment":[{"href":"https:\/\/orlen.hu\/en\/wp-json\/wp\/v2\/media?parent=1878"}],"curies":[{"name":"wp","href":"https:\/\/api.w.org\/{rel}","templated":true}]}}