{"id":1151,"date":"2019-08-09T07:07:50","date_gmt":"2019-08-09T07:07:50","guid":{"rendered":"http:\/\/104.248.21.164\/?page_id=707"},"modified":"2026-03-10T17:38:48","modified_gmt":"2026-03-10T16:38:48","slug":"applikacio","status":"publish","type":"page","link":"https:\/\/orlen.hu\/en\/applikacio\/","title":{"rendered":"ORLEN APPLIK\u00c1CI\u00d3"},"content":{"rendered":"<div class=\"wpb-content-wrapper\"><div      class=\"vc_row wpb_row section vc_row-fluid\" style=' text-align:center;'><div class=\"full_section_inner clearfix\"><div class=\"wpb_column vc_column_container vc_col-sm-12\"><div class=\"vc_column-inner\"><div class=\"wpb_wrapper\">\t<div class=\"vc_empty_space\"  style=\"height: 100px\" ><span\n\t\t\tclass=\"vc_empty_space_inner\">\n\t\t\t<span class=\"empty_space_image\"  ><\/span>\n\t\t<\/span><\/div>\n\n\n\t<div class=\"wpb_text_column wpb_content_element\">\n\t\t<div class=\"wpb_wrapper\">\n\t\t\t\n\t\t<\/div> \n\t<\/div> <div class=\"separator  small center\" style=\"background-color: #de0029;\"><\/div>\n\n\t<div class=\"wpb_text_column wpb_content_element\">\n\t\t<div class=\"wpb_wrapper\">\n\t\t\t<p>Tisztelt Felhaszn\u00e1l\u00f3ink!<\/p>\n<p>&nbsp;<\/p>\n<p><strong>Az 50\/2026. (III. 9.) Korm\u00e1nyrendelet \u00e1ltal bevezetett v\u00e9dett \u00e1ras \u00fczemanyag-szab\u00e1lyoz\u00e1sra val\u00f3 tekintettel az ORLEN alkalmaz\u00e1s \u00e1rkedvezm\u00e9nyes funkci\u00f3j\u00e1t az \u00c1SZF 7.2. pontja alapj\u00e1n azonnali hat\u00e1llyal felf\u00fcggesztj\u00fck.<\/strong><\/p>\n<p>&nbsp;<\/p>\n<p>Felh\u00edvjuk a figyelmet, hogy a nyitvatart\u00e1si id\u0151n k\u00edv\u00fcl el\u00e9rhet\u0151 \u00e9jszakai tankol\u00e1skor a kedvezm\u00e9nyes v\u00e9dett \u00e1r<strong> nem el\u00e9rhet\u0151<\/strong>! \u00a0Amennyiben v\u00e9dett \u00e1ron k\u00edv\u00e1n \u00fczemanyagot v\u00e1s\u00e1rolni, k\u00e9rj\u00fck t\u00e9rjen vissza nyitvatart\u00e1si id\u0151ben vagy keressen fel \u00e9jszaka is nyitva tart\u00f3 \u00fczemanyagt\u00f6lt\u0151 \u00e1llom\u00e1st.<\/p>\n<p>&nbsp;<\/p>\n<p>Meg\u00e9rt\u00e9s\u00fcket k\u00f6sz\u00f6nj\u00fck.<\/p>\n<p>ORLEN Hungary<\/p>\n\n\t\t<\/div> \n\t<\/div> \t<div class=\"vc_empty_space\"  style=\"height: 32px\" ><span\n\t\t\tclass=\"vc_empty_space_inner\">\n\t\t\t<span class=\"empty_space_image\"  ><\/span>\n\t\t<\/span><\/div>\n\n<div class=\"separator  small center\" style=\"background-color: #de0029;\"><\/div>\n<\/div><\/div><\/div><\/div><\/div><div      class=\"vc_row wpb_row section vc_row-fluid\" style=' text-align:center;'><div class=\"full_section_inner clearfix\"><div class=\"wpb_column vc_column_container vc_col-sm-12\"><div class=\"vc_column-inner\"><div class=\"wpb_wrapper\">\t<div class=\"vc_empty_space\"  style=\"height: 100px\" ><span\n\t\t\tclass=\"vc_empty_space_inner\">\n\t\t\t<span class=\"empty_space_image\"  ><\/span>\n\t\t<\/span><\/div>\n\n\n\t<div class=\"wpb_text_column wpb_content_element\">\n\t\t<div class=\"wpb_wrapper\">\n\t\t\t<p><strong>\u00dcgyf\u00e9lszolg\u00e1lat: info@orlen.hu<\/strong><\/p>\n<p><strong>Dokumentumok<\/strong><\/p>\n<p><a href=\"https:\/\/orlen.hu\/wp-content\/uploads\/ASZF-valtozas_kivonat_2025.09.14_.pdf\" target=\"_blank\" rel=\"noopener\">ORLEN APP 2025.10.29-t\u0151l \u00e9letbe l\u00e9p\u0151 \u00c1SZF v\u00e1ltoz\u00e1sainak kivonata\u00a0<\/a><\/p>\n<p>\u00c1ltal\u00e1nos Szerz\u0151d\u00e9si Felt\u00e9telek 2025.10.29-t\u0151l: <a href=\"https:\/\/orlen.hu\/wp-content\/uploads\/ORL_HU_applikacio_ASZF_2025_10_14.pdf\">ORLEN APP \u00c1SZF 2025.10.29<\/a><\/p>\n<p>\u00c1ltal\u00e1nos Szerz\u0151d\u00e9si Felt\u00e9telek 2024.08.26-t\u00f3l: <a href=\"https:\/\/orlen.hu\/wp-content\/uploads\/ORLEN_applikacio_ASZF_2024.08.26-.pdf\" target=\"_blank\" rel=\"noopener\">ORLEN APP \u00c1SZF 2024.08.26.<\/a><\/p>\n<p>Adatv\u00e9delmi T\u00e1j\u00e9koztat\u00f3: <a href=\"https:\/\/orlen.hu\/wp-content\/uploads\/ORLEN-applikacio_Adatvedelmi-Tajekoztato-2.pdf\" target=\"_blank\" rel=\"noopener\">ORLEN APP Adatv\u00e9delmi T\u00e1j\u00e9koztat\u00f3<\/a><\/p>\n<p>Adatv\u00e9delmi Szab\u00e1lyzat: <a href=\"https:\/\/orlen.hu\/wp-content\/uploads\/ORLEN-applikacio_Adatvedelmi-Szabalyzat-2.pdf\" target=\"_blank\" rel=\"noopener\">ORLEN APP adatkezel\u00e9si Szab\u00e1lyzat<\/a><\/p>\n<p>Adatv\u00e9delmi ir\u00e1nyelvek: <a href=\"https:\/\/orlen.hu\/wp-content\/uploads\/ORLEN-privacy-policy.pdf\">ORLEN Privacy policy<\/a><\/p>\n<p><a href=\"https:\/\/orlen.hu\/wp-content\/uploads\/ORLEN-App-Hirdetmeny_2024.08.26-.pdf\" target=\"_blank\" rel=\"noopener\">ORLEN APP Hirdetm\u00e9ny<\/a> 2024. 08. 26-t\u00f3l<\/p>\n<p><a href=\"https:\/\/orlen.hu\/wp-content\/uploads\/ORLEN-App-Hirdetmeny_2025.07.01-08.17.pdf\">ORLEN APP Hirdetm\u00e9ny<\/a> 2025. 07. 01 &#8211; 08. 17.<\/p>\n<p><strong>Previous documents:<\/strong><\/p>\n<p>\u00c1ltal\u00e1nos Szerz\u0151d\u00e9si Felt\u00e9telek 2024.08.25-ig: <a href=\"https:\/\/orlen.hu\/wp-content\/uploads\/ORLEN_applikacio_ASZF-1.pdf\" target=\"_blank\" rel=\"noopener\">ORLEN APP \u00c1SZF<\/a><\/p>\n<p><a href=\"https:\/\/orlen.hu\/wp-content\/uploads\/ASZF-valtozas_kivonat_2024.08.11.pdf\" target=\"_blank\" rel=\"noopener\">ORLEN APP 2024.08.26-t\u00f3l \u00e9letbe l\u00e9p\u0151 \u00c1SZF v\u00e1ltoz\u00e1sainak kivonata\u00a0<\/a><\/p>\n<p>\u00c1ltal\u00e1nos Szerz\u0151d\u00e9si Felt\u00e9telek 2023.03.17-ig: <a href=\"https:\/\/orlen.hu\/wp-content\/uploads\/ORLEN_applikacio_ASZF.pdf\" target=\"_blank\" rel=\"noopener\">ORLEN APP \u00c1SZF<\/a><\/p>\n<p>Adatv\u00e9delmi T\u00e1j\u00e9koztat\u00f3:\u00a0<a href=\"https:\/\/orlen.hu\/wp-content\/uploads\/ORLEN_applikacio_Adatvedelmi-es-kezelesi-tajekoztato.pdf\" target=\"_blank\" rel=\"noopener\">ORLEN APP adatkezel\u00e9si T\u00e1j\u00e9koztat\u00f3<\/a><\/p>\n\n\t\t<\/div> \n\t<\/div> \t<div class=\"vc_empty_space\"  style=\"height: 32px\" ><span\n\t\t\tclass=\"vc_empty_space_inner\">\n\t\t\t<span class=\"empty_space_image\"  ><\/span>\n\t\t<\/span><\/div>\n\n<div class=\"separator  small center\" style=\"background-color: #de0029;\"><\/div>\n<\/div><\/div><\/div><\/div><\/div>\n<\/div>","protected":false},"excerpt":{"rendered":"Tisztelt Felhaszn\u00e1l\u00f3ink! &nbsp; Az 50\/2026. (III. 9.) Korm\u00e1nyrendelet \u00e1ltal bevezetett v\u00e9dett \u00e1ras \u00fczemanyag-szab\u00e1lyoz\u00e1sra val\u00f3 tekintettel az ORLEN alkalmaz\u00e1s \u00e1rkedvezm\u00e9nyes funkci\u00f3j\u00e1t az \u00c1SZF 7.2. pontja alapj\u00e1n azonnali hat\u00e1llyal felf\u00fcggesztj\u00fck. &nbsp; Felh\u00edvjuk a figyelmet, hogy a nyitvatart\u00e1si id\u0151n k\u00edv\u00fcl el\u00e9rhet\u0151 \u00e9jszakai tankol\u00e1skor a kedvezm\u00e9nyes v\u00e9dett \u00e1r nem...","protected":false},"author":1,"featured_media":0,"parent":0,"menu_order":0,"comment_status":"closed","ping_status":"closed","template":"","meta":{"footnotes":""},"class_list":["post-1151","page","type-page","status-publish","hentry"],"_links":{"self":[{"href":"https:\/\/orlen.hu\/en\/wp-json\/wp\/v2\/pages\/1151","targetHints":{"allow":["GET"]}}],"collection":[{"href":"https:\/\/orlen.hu\/en\/wp-json\/wp\/v2\/pages"}],"about":[{"href":"https:\/\/orlen.hu\/en\/wp-json\/wp\/v2\/types\/page"}],"author":[{"embeddable":true,"href":"https:\/\/orlen.hu\/en\/wp-json\/wp\/v2\/users\/1"}],"replies":[{"embeddable":true,"href":"https:\/\/orlen.hu\/en\/wp-json\/wp\/v2\/comments?post=1151"}],"version-history":[{"count":73,"href":"https:\/\/orlen.hu\/en\/wp-json\/wp\/v2\/pages\/1151\/revisions"}],"predecessor-version":[{"id":3035,"href":"https:\/\/orlen.hu\/en\/wp-json\/wp\/v2\/pages\/1151\/revisions\/3035"}],"wp:attachment":[{"href":"https:\/\/orlen.hu\/en\/wp-json\/wp\/v2\/media?parent=1151"}],"curies":[{"name":"wp","href":"https:\/\/api.w.org\/{rel}","templated":true}]}}